{"id":9039,"date":"2021-03-22T18:29:54","date_gmt":"2021-03-22T17:29:54","guid":{"rendered":"https:\/\/www.ibiza-formentera-yachtcharter.com\/boote\/bavaria-39-ht\/"},"modified":"2025-06-06T17:34:20","modified_gmt":"2025-06-06T15:34:20","slug":"bavaria-39-ht","status":"publish","type":"product","link":"https:\/\/www.ibiza-formentera-yachtcharter.com\/es\/barcos\/bavaria-39-ht\/","title":{"rendered":"Bavaria 39 HT"},"content":{"rendered":"<p>Bavaria 39HT &#8211; Motor 2 x Volvo 260 HP &#8211; Eslora 12m &#8211; Manga 4m &#8211; Plazas 10 &#8211; A\u00f1o 2012 &#8211; Puerto Marina Botafoch<\/p>\n<p><strong>Accesorios<\/strong><br \/>\nHard top con techo corredizo, capota camper con toldo parasol, GPS\/Plotter sonda, radar, VHF, conexi\u00f3n 220V, h\u00e9lice de proa, solarium proa y popa, TV, equipo de m\u00fasica, sal\u00f3n, nevera, cocina, 2 camarotes con cama doble, calefactor, ba\u00f1o con WC y ducha con agua caliente<\/p>\n<p><strong>El precio incluye<\/strong><\/p>\n<ul>\n<li>21% de IVA (sin sorpresas en el precio final)<\/li>\n<li>Atraque en el puerto base<\/li>\n<li>Seguro a todo riesgo a partir de la garant\u00eda (excepto cuando se contrata con servicio de patr\u00f3n)<\/li>\n<li>Limpieza inicial y final (sin extras)<\/li>\n<li>Selecci\u00f3n de bebidas (agua, refrescos y cerveza) y hielo<\/li>\n<li>Patr\u00f3n incluido<\/li>\n<\/ul>\n<p><strong>El precio no incluye<\/strong><\/p>\n<ul>\n<li>Combustible consumido<\/li>\n<li>Transportes a otros puertos de Ibiza<\/li>\n<\/ul>\n","protected":false},"excerpt":{"rendered":"<p>Bavaria 39HT &#8211; Motor 2 x Volvo 260 HP &#8211; Eslora 12m &#8211; Manga 4m &#8211; Plazas 10 &#8211; A\u00f1o 2012 &#8211; Puerto Marina Botafoch; Patr\u00f3n incluido.<\/p>\n","protected":false},"featured_media":7278,"comment_status":"open","ping_status":"closed","template":"","meta":{"_acf_changed":false},"product_brand":[],"product_cat":[114],"product_tag":[248,217],"class_list":{"0":"post-9039","1":"product","2":"type-product","3":"status-publish","4":"has-post-thumbnail","6":"product_cat-yate-de-motor","7":"product_tag-ibiza","8":"product_tag-motorboat","9":"yith_booking_service-dinghi","10":"yith_booking_service-riesen-sup-board","11":"yith_booking_service-sea-doo-scooter","12":"yith_booking_service-sup-board","13":"yith_booking_service-wake-board","15":"first","16":"instock","17":"virtual","18":"sold-individually","19":"purchasable","20":"product-type-booking"},"acf":[],"_links":{"self":[{"href":"https:\/\/www.ibiza-formentera-yachtcharter.com\/es\/wp-json\/wp\/v2\/product\/9039","targetHints":{"allow":["GET"]}}],"collection":[{"href":"https:\/\/www.ibiza-formentera-yachtcharter.com\/es\/wp-json\/wp\/v2\/product"}],"about":[{"href":"https:\/\/www.ibiza-formentera-yachtcharter.com\/es\/wp-json\/wp\/v2\/types\/product"}],"replies":[{"embeddable":true,"href":"https:\/\/www.ibiza-formentera-yachtcharter.com\/es\/wp-json\/wp\/v2\/comments?post=9039"}],"wp:featuredmedia":[{"embeddable":true,"href":"https:\/\/www.ibiza-formentera-yachtcharter.com\/es\/wp-json\/wp\/v2\/media\/7278"}],"wp:attachment":[{"href":"https:\/\/www.ibiza-formentera-yachtcharter.com\/es\/wp-json\/wp\/v2\/media?parent=9039"}],"wp:term":[{"taxonomy":"product_brand","embeddable":true,"href":"https:\/\/www.ibiza-formentera-yachtcharter.com\/es\/wp-json\/wp\/v2\/product_brand?post=9039"},{"taxonomy":"product_cat","embeddable":true,"href":"https:\/\/www.ibiza-formentera-yachtcharter.com\/es\/wp-json\/wp\/v2\/product_cat?post=9039"},{"taxonomy":"product_tag","embeddable":true,"href":"https:\/\/www.ibiza-formentera-yachtcharter.com\/es\/wp-json\/wp\/v2\/product_tag?post=9039"}],"curies":[{"name":"wp","href":"https:\/\/api.w.org\/{rel}","templated":true}]}}