{"id":9011,"date":"2021-03-24T20:05:39","date_gmt":"2021-03-24T19:05:39","guid":{"rendered":"https:\/\/www.ibiza-formentera-yachtcharter.com\/boote\/jeanneau-cap-camarat-5-5-wa\/"},"modified":"2025-06-06T13:13:05","modified_gmt":"2025-06-06T11:13:05","slug":"jeanneau-cap-camarat-5-5-wa","status":"publish","type":"product","link":"https:\/\/www.ibiza-formentera-yachtcharter.com\/es\/barcos\/jeanneau-cap-camarat-5-5-wa\/","title":{"rendered":"Jeanneau Cap Camarat 5.5 WA"},"content":{"rendered":"<p>Esta embarcaci\u00f3n es ideal para disfrutar al m\u00e1ximo del sol y del mar en familia o amigos, con una capacidad m\u00e1xima de 6 personas, dispone de un gran sol\u00e1rium en proa y un peque\u00f1o camarote para pernoctar dos personas.<\/p>\n<p><strong>Equipamiento:<\/strong><\/p>\n<ul>\n<li>VHF<\/li>\n<li>GPS<\/li>\n<li>Sonda<\/li>\n<li>Plotter<\/li>\n<li>Toldo sol<\/li>\n<li>Sol\u00e1rium proa<\/li>\n<li>Escalera de ba\u00f1o<\/li>\n<li>Equipo de m\u00fasica<\/li>\n<li>Camarote 2 personas<\/li>\n<li>Nevera con hielo y bebidas<\/li>\n<\/ul>\n<div class=\"page\" title=\"Page 2\">\n<div class=\"layoutArea\">\n<div class=\"column\">\n<p>WITHOUT SKIPPER<br \/>\ndeposit of \u20ac1200, have the boat license, rental schedule 10 am to 7:30 pm<\/p>\n<p>WITH SKIPPER<br \/>\nthe charter will be 8 hours starting at 11:00 with a maximum capacity of 5 people + skipper, it will not be possible to do (ski, wakeboard or donut)<\/p>\n<p>Fuel not included<\/p>\n<p>Approximate consumption Formentera route \u20ac90<\/p>\n<p>EXTRAS:<\/p>\n<p>Skipper: \u20ac165 + 21% VAT 200\u20ac per day<br \/>\nPaddle surf: 60\u20ac per day \u00a0 \u00a0 \u00a0 \u00a0 \u00a0 \u00a0 \u00a0 \u00a0 \u00a0 \u00a0 \u00a0 \u00a0 \u00a0 \u00a0 \u00a0 \u00a0 \u00a0 \u00a0 \u00a0 \u00a0 \u00a0 \u00a0 \u00a0 \u00a0 \u00a0 \u00a0 \u00a0 \u00a0 \u00a0 Skis, wakeboard, donut (Only without skipper): 50\u20ac per day<br \/>\nDinghy 1&#8217;80m without motor: 50\u20ac per day<br \/>\nSeascooter 100\u20ac per day<\/p>\n<p>METHOD OF PAYMENT: 50% when making the booking &#8211; 50% before boarding the vessel<br \/>\n21% VAT included<\/p>\n<\/div>\n<\/div>\n<\/div>\n","protected":false},"excerpt":{"rendered":"<p>Esta embarcaci\u00f3n es ideal para disfrutar al m\u00e1ximo del sol y del mar en familia o amigos, con una capacidad m\u00e1xima de 6 personas, dispone de un gran sol\u00e1rium en proa y un peque\u00f1o camarote para pernoctar dos personas.<\/p>\n","protected":false},"featured_media":7719,"comment_status":"open","ping_status":"closed","template":"","meta":{"_acf_changed":false},"product_brand":[],"product_cat":[113],"product_tag":[248,217],"class_list":{"0":"post-9011","1":"product","2":"type-product","3":"status-publish","4":"has-post-thumbnail","6":"product_cat-barco-de-motor","7":"product_tag-ibiza","8":"product_tag-motorboat","9":"yith_booking_service-neumatica-180","10":"yith_booking_service-donut","11":"yith_booking_service-patron-2","12":"yith_booking_service-sup-board","13":"yith_booking_service-wakeboard","14":"yith_booking_service-wasserski","16":"first","17":"instock","18":"virtual","19":"sold-individually","20":"purchasable","21":"product-type-booking"},"acf":[],"_links":{"self":[{"href":"https:\/\/www.ibiza-formentera-yachtcharter.com\/es\/wp-json\/wp\/v2\/product\/9011","targetHints":{"allow":["GET"]}}],"collection":[{"href":"https:\/\/www.ibiza-formentera-yachtcharter.com\/es\/wp-json\/wp\/v2\/product"}],"about":[{"href":"https:\/\/www.ibiza-formentera-yachtcharter.com\/es\/wp-json\/wp\/v2\/types\/product"}],"replies":[{"embeddable":true,"href":"https:\/\/www.ibiza-formentera-yachtcharter.com\/es\/wp-json\/wp\/v2\/comments?post=9011"}],"wp:featuredmedia":[{"embeddable":true,"href":"https:\/\/www.ibiza-formentera-yachtcharter.com\/es\/wp-json\/wp\/v2\/media\/7719"}],"wp:attachment":[{"href":"https:\/\/www.ibiza-formentera-yachtcharter.com\/es\/wp-json\/wp\/v2\/media?parent=9011"}],"wp:term":[{"taxonomy":"product_brand","embeddable":true,"href":"https:\/\/www.ibiza-formentera-yachtcharter.com\/es\/wp-json\/wp\/v2\/product_brand?post=9011"},{"taxonomy":"product_cat","embeddable":true,"href":"https:\/\/www.ibiza-formentera-yachtcharter.com\/es\/wp-json\/wp\/v2\/product_cat?post=9011"},{"taxonomy":"product_tag","embeddable":true,"href":"https:\/\/www.ibiza-formentera-yachtcharter.com\/es\/wp-json\/wp\/v2\/product_tag?post=9011"}],"curies":[{"name":"wp","href":"https:\/\/api.w.org\/{rel}","templated":true}]}}