{"id":6684,"date":"2021-03-16T10:06:08","date_gmt":"2021-03-16T09:06:08","guid":{"rendered":"https:\/\/www.ibiza-formentera-yachtcharter.com\/boote\/fountaine-pajot-helia-44\/"},"modified":"2022-03-25T12:46:24","modified_gmt":"2022-03-25T11:46:24","slug":"fountaine-pajot-helia-44","status":"publish","type":"product","link":"https:\/\/www.ibiza-formentera-yachtcharter.com\/es\/barcos\/fountaine-pajot-helia-44\/","title":{"rendered":"Fountaine Pajot Helia 44"},"content":{"rendered":"<p>Vacaciones su en catamar\u00e1n! Nuestro Helia 44, tiene 4 amplias cabinas dobles con su propio ba\u00f1o. El sal\u00f3n se convierte en cama, con lo que pueden dormir hasta un m\u00e1ximo de 10 tripulantes. El patr\u00f3n, que es obligatorio, duerme en su conejera de proa.<\/p>\n<p>Cuenta con dos velas: mayor de sables y g\u00e9nova enrollable. La ba\u00f1era en popa es amplia, con una mesa para disfrutar del aire libre, en el interior tiene una mesa de comedor y la cocina.<\/p>\n<p>Check in: Marina Formentera S\u00e1bado 21h, durmiendo en la marina<br \/>\nCheck out: Marina Formentera S\u00e1bado 16h (desembarcados)<\/p>\n<p>Para alquiler de d\u00eda el m\u00e1ximo son 12 m\u00e1s patr\u00f3n.<\/p>\n<p><strong>Extras obligatorios<\/strong><br \/>\nPatr\u00f3n (200\u20ac\/d\u00eda)<br \/>\nPatr\u00f3n profesional para alquiler de dia completo (8h) o semana completa (manutenci\u00f3n no incluida)<\/p>\n<p>Limpieza (150\u20ac)<br \/>\nDay Charter: sin pernocta<br \/>\nCharter de semana: incluye limpieza, sabanas, toallas, motor fueraborda, gas para cocinar<\/p>\n<p><strong>Fianza<\/strong><br \/>\nFianza: 1,000\u20ac<\/p>\n","protected":false},"excerpt":{"rendered":"<p>Vacaciones su en catamar\u00e1n! Nuestro Helia 44, tiene 4 amplias cabinas dobles con su propio ba\u00f1o. El sal\u00f3n se convierte en cama, con lo que pueden dormir hasta un m\u00e1ximo de 10 tripulantes.<\/p>\n","protected":false},"featured_media":6685,"comment_status":"open","ping_status":"closed","template":"","meta":{"_acf_changed":false},"product_brand":[],"product_cat":[110],"product_tag":[232],"class_list":{"0":"post-6684","1":"product","2":"type-product","3":"status-publish","4":"has-post-thumbnail","6":"product_cat-catamaran","7":"product_tag-formentera","8":"yith_booking_service-limpieza-con-pernocta","9":"yith_booking_service-limpieza-sin-pernocta","10":"yith_booking_service-patron-profesional-2","12":"first","13":"instock","14":"virtual","15":"sold-individually","16":"purchasable","17":"product-type-booking"},"acf":[],"_links":{"self":[{"href":"https:\/\/www.ibiza-formentera-yachtcharter.com\/es\/wp-json\/wp\/v2\/product\/6684","targetHints":{"allow":["GET"]}}],"collection":[{"href":"https:\/\/www.ibiza-formentera-yachtcharter.com\/es\/wp-json\/wp\/v2\/product"}],"about":[{"href":"https:\/\/www.ibiza-formentera-yachtcharter.com\/es\/wp-json\/wp\/v2\/types\/product"}],"replies":[{"embeddable":true,"href":"https:\/\/www.ibiza-formentera-yachtcharter.com\/es\/wp-json\/wp\/v2\/comments?post=6684"}],"wp:featuredmedia":[{"embeddable":true,"href":"https:\/\/www.ibiza-formentera-yachtcharter.com\/es\/wp-json\/wp\/v2\/media\/6685"}],"wp:attachment":[{"href":"https:\/\/www.ibiza-formentera-yachtcharter.com\/es\/wp-json\/wp\/v2\/media?parent=6684"}],"wp:term":[{"taxonomy":"product_brand","embeddable":true,"href":"https:\/\/www.ibiza-formentera-yachtcharter.com\/es\/wp-json\/wp\/v2\/product_brand?post=6684"},{"taxonomy":"product_cat","embeddable":true,"href":"https:\/\/www.ibiza-formentera-yachtcharter.com\/es\/wp-json\/wp\/v2\/product_cat?post=6684"},{"taxonomy":"product_tag","embeddable":true,"href":"https:\/\/www.ibiza-formentera-yachtcharter.com\/es\/wp-json\/wp\/v2\/product_tag?post=6684"}],"curies":[{"name":"wp","href":"https:\/\/api.w.org\/{rel}","templated":true}]}}