{"id":6590,"date":"2021-03-15T17:11:55","date_gmt":"2021-03-15T16:11:55","guid":{"rendered":"https:\/\/www.ibiza-formentera-yachtcharter.com\/?post_type=product&#038;p=6590"},"modified":"2022-05-05T12:55:24","modified_gmt":"2022-05-05T10:55:24","slug":"dovieboat-one-way-100","status":"publish","type":"product","link":"https:\/\/www.ibiza-formentera-yachtcharter.com\/es\/barcos\/dovieboat-one-way-100\/","title":{"rendered":"Dovieboat One Way 100 Ipanema"},"content":{"rendered":"<p>Una lancha semirr\u00edgida para 12 personas, con 450 CV, perfecta para explorar Ibiza y Formentera. Es r\u00e1pida, para poder llegar a cualquier rinc\u00f3n de la isla enseguida. Tiene poco calado, por lo que te puedes meter en sitios que con un barco no es posible. Si tienes un grupo de amigos grande, es perfecta para pasar el dia y explorar Formentera. Incluso si quieres subir a Ibiza y pasar por Atlantis o visitar Es Vedr\u00e1 y luego hacer una parada en el Blue Marlin, nuestra Doviboat ONE WAY 100 es la semirrigida perfecta para alquilar.<\/p>\n<p><strong>Extras incluye<\/strong><br \/>\nLimpieza, 5 x bolsas de hielos, bebidas,<\/p>\n<p><strong>Extras obligatorios<\/strong><br \/>\nPatr\u00f3n (180\u20ac\/d\u00eda)<br \/>\nDay Charter: sin pernocta<\/p>\n<p><strong>Extras opcionales<\/strong><br \/>\nPatr\u00f3n profesional para alquiler de dia completo (8h) o semana completa (manutenci\u00f3n no incluida)<br \/>\nPaddle Surf (70\u20ac)<\/p>\n<p><strong>Precios no incluyen:<\/strong><br \/>\nGasolina<\/p>\n","protected":false},"excerpt":{"rendered":"<p>Una lancha semirr\u00edgida para 12 personas, con 450 CV, perfecta para explorar Ibiza y Formentera. Es r\u00e1pida, para poder llegar a cualquier rinc\u00f3n de la isla enseguida. Tiene poco calado, por lo que te puedes meter en sitios que con un barco no es posible.<\/p>\n","protected":false},"featured_media":13581,"comment_status":"open","ping_status":"closed","template":"","meta":{"_acf_changed":false},"product_brand":[],"product_cat":[106],"product_tag":[232,217,267],"class_list":{"0":"post-6590","1":"product","2":"type-product","3":"status-publish","4":"has-post-thumbnail","6":"product_cat-rib","7":"product_tag-formentera","8":"product_tag-motorboat","9":"product_tag-rib","11":"first","12":"instock","13":"virtual","14":"sold-individually","15":"purchasable","16":"product-type-booking"},"acf":[],"_links":{"self":[{"href":"https:\/\/www.ibiza-formentera-yachtcharter.com\/es\/wp-json\/wp\/v2\/product\/6590","targetHints":{"allow":["GET"]}}],"collection":[{"href":"https:\/\/www.ibiza-formentera-yachtcharter.com\/es\/wp-json\/wp\/v2\/product"}],"about":[{"href":"https:\/\/www.ibiza-formentera-yachtcharter.com\/es\/wp-json\/wp\/v2\/types\/product"}],"replies":[{"embeddable":true,"href":"https:\/\/www.ibiza-formentera-yachtcharter.com\/es\/wp-json\/wp\/v2\/comments?post=6590"}],"wp:featuredmedia":[{"embeddable":true,"href":"https:\/\/www.ibiza-formentera-yachtcharter.com\/es\/wp-json\/wp\/v2\/media\/13581"}],"wp:attachment":[{"href":"https:\/\/www.ibiza-formentera-yachtcharter.com\/es\/wp-json\/wp\/v2\/media?parent=6590"}],"wp:term":[{"taxonomy":"product_brand","embeddable":true,"href":"https:\/\/www.ibiza-formentera-yachtcharter.com\/es\/wp-json\/wp\/v2\/product_brand?post=6590"},{"taxonomy":"product_cat","embeddable":true,"href":"https:\/\/www.ibiza-formentera-yachtcharter.com\/es\/wp-json\/wp\/v2\/product_cat?post=6590"},{"taxonomy":"product_tag","embeddable":true,"href":"https:\/\/www.ibiza-formentera-yachtcharter.com\/es\/wp-json\/wp\/v2\/product_tag?post=6590"}],"curies":[{"name":"wp","href":"https:\/\/api.w.org\/{rel}","templated":true}]}}