{"id":13953,"date":"2023-03-24T14:47:48","date_gmt":"2023-03-24T13:47:48","guid":{"rendered":"https:\/\/www.ibiza-formentera-yachtcharter.com\/?post_type=product&#038;p=13953"},"modified":"2025-05-30T15:04:20","modified_gmt":"2025-05-30T13:04:20","slug":"sessa-marine-key-largo-36","status":"publish","type":"product","link":"https:\/\/www.ibiza-formentera-yachtcharter.com\/es\/barcos\/sessa-marine-key-largo-36\/","title":{"rendered":"Sessa Marine Key Largo 36"},"content":{"rendered":"<p>Una joyita de Sessa Marine. Esta lancha de 11 metros de eslora que puedes alquilar en Ibiza con nosotros te proporcionar\u00e1 maravillosas sensaciones a ti y a los tuyos. Est\u00e1 equipada con dos motores Yamaha fuera borda que suman un total de 1050 caballos. Toda esta potencia se maneja con un sistema de control electr\u00f3nico, lo que hace su navegaci\u00f3n muy c\u00f3moda. Cuenta con ba\u00f1o, cabina doble (con cama supletoria), molinete el\u00e9ctrico, agua caliente y ducha en popa. Como las dem\u00e1s embarcaciones, tambi\u00e9n dispone de radio VHF y plotter. Enorme Solarium en proa!<\/p>\n<p><strong>Punto fuerte:<\/strong> Su gran solarium en proa y su f\u00e1cil conducci\u00f3n!!<\/p>\n<p style=\"margin: 0px 0px 10px;\"><strong>Inclu\u00eddo en el precio<\/strong><\/p>\n<ul style=\"margin-top: 0px; margin-bottom: 10px; color: #414141; font-family: 'Source Sans Pro', sans-serif; font-size: 18px;\">\n<li>Amarre en Marina Botafoch Ibiza<\/li>\n<li>Seguro todo riesgo<\/li>\n<li>Selecci\u00f3n de bebidas<\/li>\n<li>Impuestos de puerto<\/li>\n<li>Equipos snorkeling<\/li>\n<li>Equipo de Musica con Bluetooth<\/li>\n<li>IVA 21%<\/li>\n<\/ul>\n<p style=\"margin: 0px 0px 10px; color: #414141; font-family: 'Source Sans Pro', sans-serif; font-size: 18px;\"><strong>No inclu\u00eddo en el precio<\/strong><\/p>\n<ul style=\"margin-top: 0px; margin-bottom: 10px; color: #414141; font-family: 'Source Sans Pro', sans-serif; font-size: 18px;\">\n<li>Capit\u00e1n \u20ac250<\/li>\n<li>Combustible 140l\/h<\/li>\n<\/ul>\n<p><strong style=\"color: #414141; font-family: 'Source Sans Pro', sans-serif; font-size: 18px;\">Fianza<\/strong><\/p>\n<ul style=\"margin-top: 0px; margin-bottom: 10px; color: #414141; font-family: 'Source Sans Pro', sans-serif; font-size: 18px;\">\n<li>600\u20ac (A pagar in situ)<\/li>\n<\/ul>\n","protected":false},"excerpt":{"rendered":"<p>Una joyita de Sessa Marine. Esta lancha de 11 metros de eslora que puedes alquilar en Ibiza con nosotros te proporcionar\u00e1 maravillosas sensaciones a ti y a los tuyos. Est\u00e1 equipada con dos motores Yamaha fuera borda que suman un total de 1050 caballos. Toda esta potencia se maneja con un sistema de control electr\u00f3nico, lo que hace su navegaci\u00f3n muy c\u00f3moda.<\/p>\n","protected":false},"featured_media":13956,"comment_status":"open","ping_status":"closed","template":"","meta":{"_acf_changed":false},"product_brand":[],"product_cat":[113],"product_tag":[248,217],"class_list":{"0":"post-13953","1":"product","2":"type-product","3":"status-publish","4":"has-post-thumbnail","6":"product_cat-barco-de-motor","7":"product_tag-ibiza","8":"product_tag-motorboat","10":"first","11":"instock","12":"virtual","13":"sold-individually","14":"purchasable","15":"product-type-booking"},"acf":[],"_links":{"self":[{"href":"https:\/\/www.ibiza-formentera-yachtcharter.com\/es\/wp-json\/wp\/v2\/product\/13953","targetHints":{"allow":["GET"]}}],"collection":[{"href":"https:\/\/www.ibiza-formentera-yachtcharter.com\/es\/wp-json\/wp\/v2\/product"}],"about":[{"href":"https:\/\/www.ibiza-formentera-yachtcharter.com\/es\/wp-json\/wp\/v2\/types\/product"}],"replies":[{"embeddable":true,"href":"https:\/\/www.ibiza-formentera-yachtcharter.com\/es\/wp-json\/wp\/v2\/comments?post=13953"}],"wp:featuredmedia":[{"embeddable":true,"href":"https:\/\/www.ibiza-formentera-yachtcharter.com\/es\/wp-json\/wp\/v2\/media\/13956"}],"wp:attachment":[{"href":"https:\/\/www.ibiza-formentera-yachtcharter.com\/es\/wp-json\/wp\/v2\/media?parent=13953"}],"wp:term":[{"taxonomy":"product_brand","embeddable":true,"href":"https:\/\/www.ibiza-formentera-yachtcharter.com\/es\/wp-json\/wp\/v2\/product_brand?post=13953"},{"taxonomy":"product_cat","embeddable":true,"href":"https:\/\/www.ibiza-formentera-yachtcharter.com\/es\/wp-json\/wp\/v2\/product_cat?post=13953"},{"taxonomy":"product_tag","embeddable":true,"href":"https:\/\/www.ibiza-formentera-yachtcharter.com\/es\/wp-json\/wp\/v2\/product_tag?post=13953"}],"curies":[{"name":"wp","href":"https:\/\/api.w.org\/{rel}","templated":true}]}}