{"id":13537,"date":"2022-05-04T14:07:32","date_gmt":"2022-05-04T12:07:32","guid":{"rendered":"https:\/\/www.ibiza-formentera-yachtcharter.com\/?post_type=product&#038;p=13537"},"modified":"2025-07-24T16:23:00","modified_gmt":"2025-07-24T14:23:00","slug":"jeanneau-cap-camarat-10-5","status":"publish","type":"product","link":"https:\/\/www.ibiza-formentera-yachtcharter.com\/es\/barcos\/jeanneau-cap-camarat-10-5\/","title":{"rendered":"Jeanneau Cap Camarat 10.5 WA Serie 2"},"content":{"rendered":"<p>Nuestra Jeanneau Cap Camarat 10.5 WA Serie 2, tiene una amplia ba\u00f1era, con una mesa para comer que se hace solarium. La tripulaci\u00f3n de d\u00eda son 10 m\u00e1ximo, incluyendo el patr\u00f3n. Est\u00e1 disponible para pasar la noche a bordo y en su amarre es como tener hotel en Formentera. S\u00f3lo se alquila con patr\u00f3n profesional.<\/p>\n<p><strong>Extras obligatorios<\/strong><br \/>\nPatr\u00f3n obligatorio y limpieza (300\u20ac\/d\u00eda)<br \/>\nPatr\u00f3n profesional para alquiler de dia completo (8h)<\/p>\n<p><strong>Day Charter:<\/strong> sin pernocta<\/p>\n<p><strong>Precio no incluye<\/strong><br \/>\nCombustible (50 l\/h) gasolina<\/p>\n<p><strong>Fianza<\/strong><br \/>\nFianza a pagar in situ<br \/>\nFianza: 500\u20ac<\/p>\n","protected":false},"excerpt":{"rendered":"<p>Nuestra Jeanneau Cap Camarat 10.5 WA Serie 2, tiene una amplia ba\u00f1era, con una mesa para comer que se hace solarium. La tripulaci\u00f3n de d\u00eda son 10 m\u00e1ximo, incluyendo el patr\u00f3n.<\/p>\n","protected":false},"featured_media":13552,"comment_status":"open","ping_status":"closed","template":"","meta":{"_acf_changed":false},"product_brand":[],"product_cat":[114],"product_tag":[211,232,217],"class_list":{"0":"post-13537","1":"product","2":"type-product","3":"status-publish","4":"has-post-thumbnail","6":"product_cat-yate-de-motor","7":"product_tag-boat","8":"product_tag-formentera","9":"product_tag-motorboat","11":"first","12":"instock","13":"virtual","14":"sold-individually","15":"purchasable","16":"product-type-booking"},"acf":[],"_links":{"self":[{"href":"https:\/\/www.ibiza-formentera-yachtcharter.com\/es\/wp-json\/wp\/v2\/product\/13537","targetHints":{"allow":["GET"]}}],"collection":[{"href":"https:\/\/www.ibiza-formentera-yachtcharter.com\/es\/wp-json\/wp\/v2\/product"}],"about":[{"href":"https:\/\/www.ibiza-formentera-yachtcharter.com\/es\/wp-json\/wp\/v2\/types\/product"}],"replies":[{"embeddable":true,"href":"https:\/\/www.ibiza-formentera-yachtcharter.com\/es\/wp-json\/wp\/v2\/comments?post=13537"}],"wp:featuredmedia":[{"embeddable":true,"href":"https:\/\/www.ibiza-formentera-yachtcharter.com\/es\/wp-json\/wp\/v2\/media\/13552"}],"wp:attachment":[{"href":"https:\/\/www.ibiza-formentera-yachtcharter.com\/es\/wp-json\/wp\/v2\/media?parent=13537"}],"wp:term":[{"taxonomy":"product_brand","embeddable":true,"href":"https:\/\/www.ibiza-formentera-yachtcharter.com\/es\/wp-json\/wp\/v2\/product_brand?post=13537"},{"taxonomy":"product_cat","embeddable":true,"href":"https:\/\/www.ibiza-formentera-yachtcharter.com\/es\/wp-json\/wp\/v2\/product_cat?post=13537"},{"taxonomy":"product_tag","embeddable":true,"href":"https:\/\/www.ibiza-formentera-yachtcharter.com\/es\/wp-json\/wp\/v2\/product_tag?post=13537"}],"curies":[{"name":"wp","href":"https:\/\/api.w.org\/{rel}","templated":true}]}}