{"id":12770,"date":"2022-02-20T16:24:48","date_gmt":"2022-02-20T15:24:48","guid":{"rendered":"https:\/\/www.ibiza-formentera-yachtcharter.com\/?post_type=product&#038;p=12770"},"modified":"2025-05-30T14:35:45","modified_gmt":"2025-05-30T12:35:45","slug":"sessa-marine-key-largo-30","status":"publish","type":"product","link":"https:\/\/www.ibiza-formentera-yachtcharter.com\/es\/barcos\/sessa-marine-key-largo-30\/","title":{"rendered":"Sessa Marine Key Largo 30"},"content":{"rendered":"<p>Una joyita de Sessa Marine. Esta lancha de 10 metros de eslora que puedes alquilar en Ibiza con nosotros te proporcionar\u00e1 maravillosas sensaciones a ti y a los tuyos. Est\u00e1 equipada con dos motores Yamaha fuera borda que suman un total de 500 caballos. Toda esta potencia se maneja con un sistema de control electr\u00f3nico, lo que hace su navegaci\u00f3n muy c\u00f3moda. Cuenta con ba\u00f1o, cabina doble (con cama supletoria), molinete el\u00e9ctrico, agua caliente y ducha en popa. Como las dem\u00e1s embarcaciones, tambi\u00e9n dispone de radio VHF y plotter. Enorme Solarium en\u00a0proa!<\/p>\n<p><strong>Punto fuerte:<\/strong> Su gran solarium en proa y su f\u00e1cil conducci\u00f3n!!<\/p>\n<p style=\"margin: 0px 0px 10px;\"><strong>Inclu\u00eddo en el precio<\/strong><\/p>\n<ul style=\"margin-top: 0px; margin-bottom: 10px; color: #414141; font-family: 'Source Sans Pro', sans-serif; font-size: 18px;\">\n<li>Amarre en Marina Botafoch Ibiza<\/li>\n<li>Seguro todo riesgo<\/li>\n<li>Selecci\u00f3n de bebidas<\/li>\n<li>Impuestos de puerto<\/li>\n<li>Equipos snorkeling<\/li>\n<li>Equipo de Musica con Bluetooth<\/li>\n<li>IVA 21%<\/li>\n<\/ul>\n<p style=\"margin: 0px 0px 10px; color: #414141; font-family: 'Source Sans Pro', sans-serif; font-size: 18px;\"><strong>No inclu\u00eddo en el precio<\/strong><\/p>\n<ul style=\"margin-top: 0px; margin-bottom: 10px; color: #414141; font-family: 'Source Sans Pro', sans-serif; font-size: 18px;\">\n<li>Capit\u00e1n \u20ac220<\/li>\n<li>Combustible<\/li>\n<\/ul>\n<p><strong style=\"color: #414141; font-family: 'Source Sans Pro', sans-serif; font-size: 18px;\">Fianza sin patr\u00f3n<\/strong><\/p>\n<ul style=\"margin-top: 0px; margin-bottom: 10px; color: #414141; font-family: 'Source Sans Pro', sans-serif; font-size: 18px;\">\n<li>2.500\u20ac (A pagar in situ)<\/li>\n<\/ul>\n","protected":false},"excerpt":{"rendered":"<p>Una joyita de Sessa Marine. Esta lancha de 10 metros de eslora que puedes alquilar en Ibiza con nosotros te proporcionar\u00e1 maravillosas sensaciones a ti y a los tuyos. Est\u00e1 equipada con dos motores Yamaha fuera borda que suman un total de 500 caballos. Toda esta potencia se maneja con un sistema de control electr\u00f3nico, lo que hace su navegaci\u00f3n muy c\u00f3moda.<\/p>\n","protected":false},"featured_media":17188,"comment_status":"open","ping_status":"closed","template":"","meta":{"_acf_changed":false},"product_brand":[],"product_cat":[113],"product_tag":[248,217],"class_list":{"0":"post-12770","1":"product","2":"type-product","3":"status-publish","4":"has-post-thumbnail","6":"product_cat-barco-de-motor","7":"product_tag-ibiza","8":"product_tag-motorboat","9":"yith_booking_service-mit-kapitaen","11":"first","12":"instock","13":"virtual","14":"sold-individually","15":"purchasable","16":"product-type-booking"},"acf":[],"_links":{"self":[{"href":"https:\/\/www.ibiza-formentera-yachtcharter.com\/es\/wp-json\/wp\/v2\/product\/12770","targetHints":{"allow":["GET"]}}],"collection":[{"href":"https:\/\/www.ibiza-formentera-yachtcharter.com\/es\/wp-json\/wp\/v2\/product"}],"about":[{"href":"https:\/\/www.ibiza-formentera-yachtcharter.com\/es\/wp-json\/wp\/v2\/types\/product"}],"replies":[{"embeddable":true,"href":"https:\/\/www.ibiza-formentera-yachtcharter.com\/es\/wp-json\/wp\/v2\/comments?post=12770"}],"wp:featuredmedia":[{"embeddable":true,"href":"https:\/\/www.ibiza-formentera-yachtcharter.com\/es\/wp-json\/wp\/v2\/media\/17188"}],"wp:attachment":[{"href":"https:\/\/www.ibiza-formentera-yachtcharter.com\/es\/wp-json\/wp\/v2\/media?parent=12770"}],"wp:term":[{"taxonomy":"product_brand","embeddable":true,"href":"https:\/\/www.ibiza-formentera-yachtcharter.com\/es\/wp-json\/wp\/v2\/product_brand?post=12770"},{"taxonomy":"product_cat","embeddable":true,"href":"https:\/\/www.ibiza-formentera-yachtcharter.com\/es\/wp-json\/wp\/v2\/product_cat?post=12770"},{"taxonomy":"product_tag","embeddable":true,"href":"https:\/\/www.ibiza-formentera-yachtcharter.com\/es\/wp-json\/wp\/v2\/product_tag?post=12770"}],"curies":[{"name":"wp","href":"https:\/\/api.w.org\/{rel}","templated":true}]}}