{"id":11586,"date":"2021-04-26T16:31:12","date_gmt":"2021-04-26T14:31:12","guid":{"rendered":"https:\/\/www.ibiza-formentera-yachtcharter.com\/boote\/catamaran-sunreef-62z-tekila\/"},"modified":"2021-04-28T16:24:47","modified_gmt":"2021-04-28T14:24:47","slug":"katamaran-sunreef-62t","status":"publish","type":"product","link":"https:\/\/www.ibiza-formentera-yachtcharter.com\/es\/barcos\/katamaran-sunreef-62t\/","title":{"rendered":"Katamaran Sunreef 62T"},"content":{"rendered":"<p>El SUNREEF 62 dispone de 4 camarotes dobles con sus respectivos ba\u00f1os, sal\u00f3n comedor interior, ba\u00f1o cortes\u00eda, y grandes zonas exteriores en proa, popa y fly bridge. Adem\u00e1s cuenta con un camarote para 3 tripulantes.<\/p>\n<p>Su distribuci\u00f3n interior-exterior y su amplitud lo convierte en el lugar id\u00f3neo donde podr\u00e1s disfrutar plenamente de la navegaci\u00f3n a vela con familia y amigos.<\/p>\n<p>\u25cf Aire acondicionado, individuales en camarotes y sal\u00f3n.<br \/>\n\u25cf Generador 16 KW<br \/>\n\u25cf Potabilizadora 200 L \/ h<br \/>\n\u25cf Nevera, m\u00e1quina de hielo, congelador, horno, placa de vitro, microondas,lavavajillas, lavadora-secadora.<br \/>\n\u25cf TV 55\u201d en el sal\u00f3n, ordenador con pantalla panor\u00e1mica.<br \/>\n\u25cf Wi-Fi, DVD,equipo de sonido 4 zonas (proa, popa, fly, salon)<br \/>\n\u25cf TV 27\u201d y equipo de sonido en camarote armador<br \/>\n\u25cf Embarcaci\u00f3n auxiliar 4,5m motor 60CV<\/p>\n<p>Todos los extras incluidos (limpieza final+sabanas+toallas+overboard boat zodiac +servicio de tripulaci\u00f3n fuera de borda). Skipper incluido en precio. WiFi incluido.<\/p>\n<p>Incluye juguetes n\u00e1uticos: paddle surf, Esqu\u00ed n\u00e1utico, wake board, snorkel.<\/p>\n<p>Equipos de juego: Straight line 2 pax, Body globe 1 pax, playa flotante 18\u2019x9\u2019<\/p>\n<p>Equipos de seguridad y electronica nautica completo.<\/p>\n","protected":false},"excerpt":{"rendered":"<p>El SUNREEF 62 dispone de 4 camarotes dobles con sus respectivos ba\u00f1os, sal\u00f3n comedor interior, ba\u00f1o cortes\u00eda, y grandes zonas exteriores en proa, popa y fly bridge.<\/p>\n","protected":false},"featured_media":11615,"comment_status":"open","ping_status":"closed","template":"","meta":{"_acf_changed":false},"product_brand":[],"product_cat":[110],"product_tag":[],"class_list":{"0":"post-11586","1":"product","2":"type-product","3":"status-publish","4":"has-post-thumbnail","6":"product_cat-catamaran","8":"first","9":"instock","10":"virtual","11":"sold-individually","12":"purchasable","13":"product-type-booking"},"acf":[],"_links":{"self":[{"href":"https:\/\/www.ibiza-formentera-yachtcharter.com\/es\/wp-json\/wp\/v2\/product\/11586","targetHints":{"allow":["GET"]}}],"collection":[{"href":"https:\/\/www.ibiza-formentera-yachtcharter.com\/es\/wp-json\/wp\/v2\/product"}],"about":[{"href":"https:\/\/www.ibiza-formentera-yachtcharter.com\/es\/wp-json\/wp\/v2\/types\/product"}],"replies":[{"embeddable":true,"href":"https:\/\/www.ibiza-formentera-yachtcharter.com\/es\/wp-json\/wp\/v2\/comments?post=11586"}],"wp:featuredmedia":[{"embeddable":true,"href":"https:\/\/www.ibiza-formentera-yachtcharter.com\/es\/wp-json\/wp\/v2\/media\/11615"}],"wp:attachment":[{"href":"https:\/\/www.ibiza-formentera-yachtcharter.com\/es\/wp-json\/wp\/v2\/media?parent=11586"}],"wp:term":[{"taxonomy":"product_brand","embeddable":true,"href":"https:\/\/www.ibiza-formentera-yachtcharter.com\/es\/wp-json\/wp\/v2\/product_brand?post=11586"},{"taxonomy":"product_cat","embeddable":true,"href":"https:\/\/www.ibiza-formentera-yachtcharter.com\/es\/wp-json\/wp\/v2\/product_cat?post=11586"},{"taxonomy":"product_tag","embeddable":true,"href":"https:\/\/www.ibiza-formentera-yachtcharter.com\/es\/wp-json\/wp\/v2\/product_tag?post=11586"}],"curies":[{"name":"wp","href":"https:\/\/api.w.org\/{rel}","templated":true}]}}