{"id":11583,"date":"2021-04-26T17:26:21","date_gmt":"2021-04-26T15:26:21","guid":{"rendered":"https:\/\/www.ibiza-formentera-yachtcharter.com\/boote\/yate-de-motor-pardo-43\/"},"modified":"2021-05-04T11:28:31","modified_gmt":"2021-05-04T09:28:31","slug":"motorboot-pardo-43","status":"publish","type":"product","link":"https:\/\/www.ibiza-formentera-yachtcharter.com\/es\/barcos\/motorboot-pardo-43\/","title":{"rendered":"Yate de motor Pardo 43"},"content":{"rendered":"<p>Apuesta por la calidad y comodidad en la navegaci\u00f3n con un dise\u00f1o elegante pero imponente con el flamante Pardo 43. En el interior, un solo ambiente con 2 habitaciones + 1 ba\u00f1o, brindando el m\u00e1ximo confort hasta para 4 personas por la noche.<\/p>\n<p>Los detalles en el exterior son m\u00e1s que destacables, con grandes sol\u00e1riums en proa y popa as\u00ed como una espectacular plataforma de ba\u00f1o. El barco tiene muchos extras como generador, aire acondicionado y estabilizadores girosc\u00f3picos.<\/p>\n<p>Combustible no incluidos en precio.<\/p>\n","protected":false},"excerpt":{"rendered":"<p>Apuesta por la calidad y comodidad en la navegaci\u00f3n con un dise\u00f1o elegante pero imponente con el flamante Pardo 43. En el interior, un solo ambiente con 2 habitaciones + 1 ba\u00f1o, brindando el m\u00e1ximo confort hasta para 4 personas por la noche.<\/p>\n","protected":false},"featured_media":16456,"comment_status":"open","ping_status":"closed","template":"","meta":{"_acf_changed":false},"product_brand":[],"product_cat":[113,114],"product_tag":[],"class_list":{"0":"post-11583","1":"product","2":"type-product","3":"status-publish","4":"has-post-thumbnail","6":"product_cat-barco-de-motor","7":"product_cat-yate-de-motor","8":"yith_booking_service-comfort-pack","9":"yith_booking_service-hostess","10":"yith_booking_service-seabob-5","12":"first","13":"instock","14":"virtual","15":"sold-individually","16":"purchasable","17":"product-type-booking"},"acf":[],"_links":{"self":[{"href":"https:\/\/www.ibiza-formentera-yachtcharter.com\/es\/wp-json\/wp\/v2\/product\/11583","targetHints":{"allow":["GET"]}}],"collection":[{"href":"https:\/\/www.ibiza-formentera-yachtcharter.com\/es\/wp-json\/wp\/v2\/product"}],"about":[{"href":"https:\/\/www.ibiza-formentera-yachtcharter.com\/es\/wp-json\/wp\/v2\/types\/product"}],"replies":[{"embeddable":true,"href":"https:\/\/www.ibiza-formentera-yachtcharter.com\/es\/wp-json\/wp\/v2\/comments?post=11583"}],"wp:featuredmedia":[{"embeddable":true,"href":"https:\/\/www.ibiza-formentera-yachtcharter.com\/es\/wp-json\/wp\/v2\/media\/16456"}],"wp:attachment":[{"href":"https:\/\/www.ibiza-formentera-yachtcharter.com\/es\/wp-json\/wp\/v2\/media?parent=11583"}],"wp:term":[{"taxonomy":"product_brand","embeddable":true,"href":"https:\/\/www.ibiza-formentera-yachtcharter.com\/es\/wp-json\/wp\/v2\/product_brand?post=11583"},{"taxonomy":"product_cat","embeddable":true,"href":"https:\/\/www.ibiza-formentera-yachtcharter.com\/es\/wp-json\/wp\/v2\/product_cat?post=11583"},{"taxonomy":"product_tag","embeddable":true,"href":"https:\/\/www.ibiza-formentera-yachtcharter.com\/es\/wp-json\/wp\/v2\/product_tag?post=11583"}],"curies":[{"name":"wp","href":"https:\/\/api.w.org\/{rel}","templated":true}]}}