{"id":11580,"date":"2021-04-26T17:20:30","date_gmt":"2021-04-26T15:20:30","guid":{"rendered":"https:\/\/www.ibiza-formentera-yachtcharter.com\/boote\/yate-de-motor-numarine-55\/"},"modified":"2021-04-26T17:25:47","modified_gmt":"2021-04-26T15:25:47","slug":"motoryacht-numarine-55","status":"publish","type":"product","link":"https:\/\/www.ibiza-formentera-yachtcharter.com\/es\/barcos\/motoryacht-numarine-55\/","title":{"rendered":"Yate de motor Numarine 55"},"content":{"rendered":"<p>Este maravilloso barco a motor de 17,04mt har\u00e1 realidad tus sue\u00f1os mientras visitas las playas m\u00e1s bonitas de Ibiza. En su impresionante color azul metalizado, llamar\u00e1 la atenci\u00f3n de todos alrededor mientras navegas en uno de los barcos m\u00e1s bellos de la isla. Tambi\u00e9n podr\u00e1s disfrutar de deportes acu\u00e1ticos como paddle surf, snorkeling o seabob (opcional) para que tengas una experiencia inolvidable.<\/p>\n<p>Numarine 55 tiene un sol\u00e1rium en la proa y popa, as\u00ed como una plataforma hidr\u00e1ulica para el ba\u00f1o en popa, especial para personas con discapacidad.<\/p>\n<ul>\n<li>3 camarotes y 3 ba\u00f1os<\/li>\n<li>TV \/ CD \/ DVD: sistema de sonido Bose<\/li>\n<li>Cocina completa y aire acondicionado<\/li>\n<li>Mueble bar con nevera<\/li>\n<li>Solarium en popa \/ proa<\/li>\n<li>Generador<\/li>\n<li>Plataforma de popa hidr\u00e1ulica sobre teca<\/li>\n<\/ul>\n","protected":false},"excerpt":{"rendered":"<p>Este maravilloso barco a motor de 17,04mt har\u00e1 realidad tus sue\u00f1os mientras visitas las playas m\u00e1s bonitas de Ibiza. En su impresionante color azul metalizado, llamar\u00e1 la atenci\u00f3n de todos alrededor mientras navegas en uno de los barcos m\u00e1s bellos de la isla.<\/p>\n","protected":false},"featured_media":11406,"comment_status":"open","ping_status":"closed","template":"","meta":{"_acf_changed":false},"product_brand":[],"product_cat":[114],"product_tag":[],"class_list":{"0":"post-11580","1":"product","2":"type-product","3":"status-publish","4":"has-post-thumbnail","6":"product_cat-yate-de-motor","7":"yith_booking_service-comfort-pack","8":"yith_booking_service-hostess","9":"yith_booking_service-seabob-5","10":"yith_booking_service-uebernachtung","12":"first","13":"instock","14":"virtual","15":"sold-individually","16":"purchasable","17":"product-type-booking"},"acf":[],"_links":{"self":[{"href":"https:\/\/www.ibiza-formentera-yachtcharter.com\/es\/wp-json\/wp\/v2\/product\/11580","targetHints":{"allow":["GET"]}}],"collection":[{"href":"https:\/\/www.ibiza-formentera-yachtcharter.com\/es\/wp-json\/wp\/v2\/product"}],"about":[{"href":"https:\/\/www.ibiza-formentera-yachtcharter.com\/es\/wp-json\/wp\/v2\/types\/product"}],"replies":[{"embeddable":true,"href":"https:\/\/www.ibiza-formentera-yachtcharter.com\/es\/wp-json\/wp\/v2\/comments?post=11580"}],"wp:featuredmedia":[{"embeddable":true,"href":"https:\/\/www.ibiza-formentera-yachtcharter.com\/es\/wp-json\/wp\/v2\/media\/11406"}],"wp:attachment":[{"href":"https:\/\/www.ibiza-formentera-yachtcharter.com\/es\/wp-json\/wp\/v2\/media?parent=11580"}],"wp:term":[{"taxonomy":"product_brand","embeddable":true,"href":"https:\/\/www.ibiza-formentera-yachtcharter.com\/es\/wp-json\/wp\/v2\/product_brand?post=11580"},{"taxonomy":"product_cat","embeddable":true,"href":"https:\/\/www.ibiza-formentera-yachtcharter.com\/es\/wp-json\/wp\/v2\/product_cat?post=11580"},{"taxonomy":"product_tag","embeddable":true,"href":"https:\/\/www.ibiza-formentera-yachtcharter.com\/es\/wp-json\/wp\/v2\/product_tag?post=11580"}],"curies":[{"name":"wp","href":"https:\/\/api.w.org\/{rel}","templated":true}]}}