{"id":11233,"date":"2021-05-03T13:35:15","date_gmt":"2021-05-03T11:35:15","guid":{"rendered":"https:\/\/www.ibiza-formentera-yachtcharter.com\/?post_type=product&#038;p=11233"},"modified":"2025-05-30T16:09:05","modified_gmt":"2025-05-30T14:09:05","slug":"riva-venere-75","status":"publish","type":"product","link":"https:\/\/www.ibiza-formentera-yachtcharter.com\/es\/barcos\/riva-venere-75\/","title":{"rendered":"Riva Venere 75"},"content":{"rendered":"<p>Die Riva Venere 75 ist pure Eleganz, die Raffinesse und Innovation ausbalanciert, ohne das eine dem anderen zu opfern. Das futuristische Styling pr\u00e4gt das Interieur, das mit seinem nat\u00fcrlichen Licht aus den gro\u00dfen Fenstern \u00fcberall eine frische Perspektive bietet. Die Eignerkabine \u00fcber die gesamte Breite mit begehbarem Kleiderschrank, die Doppel-VIP-Kabine und zwei Zweibettkabinen, alle mit eigenem Bad, bieten Platz f\u00fcr 8 \u00dcbernachtungsg\u00e4ste. Sie kann auch f\u00fcr Tagescharter mit 12 G\u00e4sten gemietet werden.<\/p>\n<p>L.O.A.: 23,00 m<br \/>\nBeam: 5,72 m<br \/>\nYear: 2009<br \/>\nEngines: 2 x MTU 1524 hp<br \/>\nFuel: Diesel<br \/>\nConsumption: 350 lt\/h<br \/>\nMax. speed: 32 knots<br \/>\nCruising speed: 24 knots<br \/>\nCabins: 4 + 2 crew<br \/>\n(Master, VIP, 2x Twin)<br \/>\nBathrooms: 4<br \/>\nCrew: Captain &amp; Stewardess<\/p>\n<p>Die Preise inklusive MwST. und Liegeplatz in Marina Botafoch:<\/p>\n<p>Preis exkl. Treibstoff.<\/p>\n","protected":false},"excerpt":{"rendered":"<p>Die Riva Venere 75 ist pure Eleganz, die Raffinesse und Innovation ausbalanciert, ohne das eine dem anderen zu opfern. Das futuristische Styling pr\u00e4gt das Interieur, das mit seinem nat\u00fcrlichen Licht aus den gro\u00dfen Fenstern \u00fcberall eine frische Perspektive bietet.<\/p>\n","protected":false},"featured_media":11234,"comment_status":"open","ping_status":"closed","template":"","meta":{"_acf_changed":false},"product_brand":[],"product_cat":[49],"product_tag":[],"class_list":{"0":"post-11233","1":"product","2":"type-product","3":"status-publish","4":"has-post-thumbnail","6":"product_cat-motoryacht","7":"yith_booking_service-crew-2","8":"yith_booking_service-seabob-4","9":"yith_booking_service-williams-jet-tender","11":"first","12":"instock","13":"virtual","14":"sold-individually","15":"purchasable","16":"product-type-booking"},"acf":[],"_links":{"self":[{"href":"https:\/\/www.ibiza-formentera-yachtcharter.com\/es\/wp-json\/wp\/v2\/product\/11233","targetHints":{"allow":["GET"]}}],"collection":[{"href":"https:\/\/www.ibiza-formentera-yachtcharter.com\/es\/wp-json\/wp\/v2\/product"}],"about":[{"href":"https:\/\/www.ibiza-formentera-yachtcharter.com\/es\/wp-json\/wp\/v2\/types\/product"}],"replies":[{"embeddable":true,"href":"https:\/\/www.ibiza-formentera-yachtcharter.com\/es\/wp-json\/wp\/v2\/comments?post=11233"}],"wp:featuredmedia":[{"embeddable":true,"href":"https:\/\/www.ibiza-formentera-yachtcharter.com\/es\/wp-json\/wp\/v2\/media\/11234"}],"wp:attachment":[{"href":"https:\/\/www.ibiza-formentera-yachtcharter.com\/es\/wp-json\/wp\/v2\/media?parent=11233"}],"wp:term":[{"taxonomy":"product_brand","embeddable":true,"href":"https:\/\/www.ibiza-formentera-yachtcharter.com\/es\/wp-json\/wp\/v2\/product_brand?post=11233"},{"taxonomy":"product_cat","embeddable":true,"href":"https:\/\/www.ibiza-formentera-yachtcharter.com\/es\/wp-json\/wp\/v2\/product_cat?post=11233"},{"taxonomy":"product_tag","embeddable":true,"href":"https:\/\/www.ibiza-formentera-yachtcharter.com\/es\/wp-json\/wp\/v2\/product_tag?post=11233"}],"curies":[{"name":"wp","href":"https:\/\/api.w.org\/{rel}","templated":true}]}}