{"id":11154,"date":"2021-05-04T13:33:46","date_gmt":"2021-05-04T11:33:46","guid":{"rendered":"https:\/\/www.ibiza-formentera-yachtcharter.com\/?post_type=product&#038;p=11154"},"modified":"2025-05-30T16:13:07","modified_gmt":"2025-05-30T14:13:07","slug":"goldfinger-boutique-yacht-mieten","status":"publish","type":"product","link":"https:\/\/www.ibiza-formentera-yachtcharter.com\/es\/barcos\/goldfinger-boutique-yacht-mieten\/","title":{"rendered":"GOLDFINGER, Boutique Yacht mieten"},"content":{"rendered":"<p>Die meisten Menschen w\u00e4ren gerne f\u00fcr einen oder zwei Tage James Bond. GOLDFINGER verbindet die Coolness von James Bond mit der zeitlosen Eleganz von Yves Saint-Laurent. Erf\u00fcllen Sie sich diesen Traum auf unserem Designer Power Boat, wo sich pure Eleganz mit der unwiderstehlichen Lust auf ein Leben voller Abenteuer verbindet. Entdecken Sie die sch\u00f6nsten einzigartigen Gegenden Ibizas und der Baleareninsel auf der GOLDFINGER, umgeben von Exklusivit\u00e4t und Luxus, der alle Ihre Sinne zu erfreuen. Genie\u00dfen Sie die ger\u00e4umige 80-Quadratmeter-Flybridge mit einer voll ausgestatteten Bar und verschiedenen Relaxzonen mit Sofas und Liegen im marokkanischen Stil. Folgen Sie Ihrer Leidenschaft, setzen Sie Ihren eigenen Kurs!<\/p>\n<p>L.\u00dc.A.: 20,00 m<br \/>\nBreite: 5,20 m<br \/>\nBaujahr: 2018<br \/>\nMotoren: 2 x 435 HP<br \/>\nCruising speed: 8 knots<br \/>\nKabinen: 3 + crew (1x master + 2x VIP)<br \/>\nBadezimmer: 4<br \/>\nCrew: 3 (Captain, 2x Stewardess)<br \/>\nMax. G\u00e4ste Tag\/Nacht: 12\/6<\/p>\n<p>Preise inklusive MwSt., Teibstoff und Liegeplatz in Marina Botafoch:<\/p>\n","protected":false},"excerpt":{"rendered":"<p>Die meisten Menschen w\u00e4ren gerne f\u00fcr einen oder zwei Tage James Bond. GOLDFINGER verbindet die Coolness von James Bond mit der zeitlosen Eleganz von Yves Saint-Laurent.<\/p>\n","protected":false},"featured_media":11155,"comment_status":"open","ping_status":"closed","template":"","meta":{"_acf_changed":false},"product_brand":[],"product_cat":[49,47],"product_tag":[],"class_list":{"0":"post-11154","1":"product","2":"type-product","3":"status-publish","4":"has-post-thumbnail","6":"product_cat-motoryacht","7":"product_cat-katamaran","8":"yith_booking_service-crew-3","10":"first","11":"instock","12":"virtual","13":"sold-individually","14":"purchasable","15":"product-type-booking"},"acf":[],"_links":{"self":[{"href":"https:\/\/www.ibiza-formentera-yachtcharter.com\/es\/wp-json\/wp\/v2\/product\/11154","targetHints":{"allow":["GET"]}}],"collection":[{"href":"https:\/\/www.ibiza-formentera-yachtcharter.com\/es\/wp-json\/wp\/v2\/product"}],"about":[{"href":"https:\/\/www.ibiza-formentera-yachtcharter.com\/es\/wp-json\/wp\/v2\/types\/product"}],"replies":[{"embeddable":true,"href":"https:\/\/www.ibiza-formentera-yachtcharter.com\/es\/wp-json\/wp\/v2\/comments?post=11154"}],"wp:featuredmedia":[{"embeddable":true,"href":"https:\/\/www.ibiza-formentera-yachtcharter.com\/es\/wp-json\/wp\/v2\/media\/11155"}],"wp:attachment":[{"href":"https:\/\/www.ibiza-formentera-yachtcharter.com\/es\/wp-json\/wp\/v2\/media?parent=11154"}],"wp:term":[{"taxonomy":"product_brand","embeddable":true,"href":"https:\/\/www.ibiza-formentera-yachtcharter.com\/es\/wp-json\/wp\/v2\/product_brand?post=11154"},{"taxonomy":"product_cat","embeddable":true,"href":"https:\/\/www.ibiza-formentera-yachtcharter.com\/es\/wp-json\/wp\/v2\/product_cat?post=11154"},{"taxonomy":"product_tag","embeddable":true,"href":"https:\/\/www.ibiza-formentera-yachtcharter.com\/es\/wp-json\/wp\/v2\/product_tag?post=11154"}],"curies":[{"name":"wp","href":"https:\/\/api.w.org\/{rel}","templated":true}]}}