{"id":11105,"date":"2021-05-06T13:32:41","date_gmt":"2021-05-06T11:32:41","guid":{"rendered":"https:\/\/www.ibiza-formentera-yachtcharter.com\/?post_type=product&#038;p=11105"},"modified":"2024-07-01T12:41:08","modified_gmt":"2024-07-01T10:41:08","slug":"pershing-62","status":"publish","type":"product","link":"https:\/\/www.ibiza-formentera-yachtcharter.com\/es\/barcos\/pershing-62\/","title":{"rendered":"Pershing 62"},"content":{"rendered":"<p>Die spektakul\u00e4re Pershing 62 ist eine Luxusyacht, die viel Platz an Bord bietet. Die Yacht ist ausgestattet mit Williams Jet Tender, zwei Seabobs, zwei Jobe Infinity Seascooters, aufblasbarer C-Dock Badeplattform, Wakeboard, 3-Sitzer-Donut, SUP und Schnorchelausr\u00fcstung. Die Pershing 62 ist die perfekte Wahl, egal ob Sie eine romantische \u00dcbernachtung oder nur einen Tagesausflug unternehmen wollen. Sie bietet Platz f\u00fcr 6 \u00dcbernachtungs- und 12 Tages Charterg\u00e4ste.<\/p>\n<p>L.O.A.: 19,43 m<br \/>\nBeam: 5,00 m<br \/>\nYear: 2006 \u2013 Refit: 2020<br \/>\nEngines: 2 x MAN 1.550 hp<br \/>\nFuel: Diesel<br \/>\nConsumption: 400 lt\/h<br \/>\nMax. speed: 42 knots<br \/>\nCruising speed: 25 knots<br \/>\nCabins: 3 (Master, VIP and Twin; all cabins with bathrooms en-suite)<br \/>\nCrew: Captain &amp; Stewardess<\/p>\n<p>Preise inklusive MwSt. und Liegeplatz in Marina Botafoch:<\/p>\n<p>Preis exkl. Treibstoff.<\/p>\n","protected":false},"excerpt":{"rendered":"<p>Die spektakul\u00e4re Pershing 62 ist eine Luxusyacht, die viel Platz an Bord bietet. Die Yacht ist ausgestattet mit Williams Jet Tender, zwei Seabobs, zwei Jobe Infinity Seascooters, aufblasbarer C-Dock Badeplattform, Wakeboard, 3-Sitzer-Donut, SUP und Schnorchelausr\u00fcstung.<\/p>\n","protected":false},"featured_media":11106,"comment_status":"open","ping_status":"closed","template":"","meta":{"_acf_changed":false},"product_brand":[],"product_cat":[49],"product_tag":[],"class_list":{"0":"post-11105","1":"product","2":"type-product","3":"status-publish","4":"has-post-thumbnail","6":"product_cat-motoryacht","7":"yith_booking_service-crew-2","8":"yith_booking_service-nautibuoy-c-dock-badeplattform","9":"yith_booking_service-seabob-4","10":"yith_booking_service-williams-jet-tender","12":"first","13":"instock","14":"virtual","15":"sold-individually","16":"purchasable","17":"product-type-booking"},"acf":[],"_links":{"self":[{"href":"https:\/\/www.ibiza-formentera-yachtcharter.com\/es\/wp-json\/wp\/v2\/product\/11105","targetHints":{"allow":["GET"]}}],"collection":[{"href":"https:\/\/www.ibiza-formentera-yachtcharter.com\/es\/wp-json\/wp\/v2\/product"}],"about":[{"href":"https:\/\/www.ibiza-formentera-yachtcharter.com\/es\/wp-json\/wp\/v2\/types\/product"}],"replies":[{"embeddable":true,"href":"https:\/\/www.ibiza-formentera-yachtcharter.com\/es\/wp-json\/wp\/v2\/comments?post=11105"}],"wp:featuredmedia":[{"embeddable":true,"href":"https:\/\/www.ibiza-formentera-yachtcharter.com\/es\/wp-json\/wp\/v2\/media\/11106"}],"wp:attachment":[{"href":"https:\/\/www.ibiza-formentera-yachtcharter.com\/es\/wp-json\/wp\/v2\/media?parent=11105"}],"wp:term":[{"taxonomy":"product_brand","embeddable":true,"href":"https:\/\/www.ibiza-formentera-yachtcharter.com\/es\/wp-json\/wp\/v2\/product_brand?post=11105"},{"taxonomy":"product_cat","embeddable":true,"href":"https:\/\/www.ibiza-formentera-yachtcharter.com\/es\/wp-json\/wp\/v2\/product_cat?post=11105"},{"taxonomy":"product_tag","embeddable":true,"href":"https:\/\/www.ibiza-formentera-yachtcharter.com\/es\/wp-json\/wp\/v2\/product_tag?post=11105"}],"curies":[{"name":"wp","href":"https:\/\/api.w.org\/{rel}","templated":true}]}}