{"id":11057,"date":"2021-04-25T09:02:01","date_gmt":"2021-04-25T07:02:01","guid":{"rendered":"https:\/\/www.ibiza-formentera-yachtcharter.com\/?post_type=product&#038;p=11057"},"modified":"2024-07-01T13:07:40","modified_gmt":"2024-07-01T11:07:40","slug":"sacs-rebel-47-open-my-way","status":"publish","type":"product","link":"https:\/\/www.ibiza-formentera-yachtcharter.com\/es\/barcos\/sacs-rebel-47-open-my-way\/","title":{"rendered":"SACS REBEL 47 OPEN &#8211; My Way"},"content":{"rendered":"<p>Diese SACS Rebel 47 Open ist eine brillante Fusion aus einem RIB und einer Motoryacht. Sie kombiniert die Flexibilit\u00e4t, die Fahrbarkeit und die Meeresn\u00e4he eines Schlauchbootes und hat den Komfort,<br \/>\nGer\u00e4umigkeit und Luxus einer Yacht. Die Vergr\u00f6\u00dferung und intelligente Nutzung der R\u00e4ume an Bord machen das Cruisen noch angenehmer, ohne auf die typische Leistung und Sicherheit eines SACS zu verzichten.<br \/>\nSie bietet Platz f\u00fcr bis zu 11 Tages-Charterg\u00e4ste.<\/p>\n<p>L.\u00dc.A.: 14,10 m<br \/>\nBreite: 4,48 m<br \/>\nBaujahr: 2019<br \/>\nMotoren: 2 x Volvo D6 400hp<br \/>\nTreibstoff: Diesel<br \/>\nVerbrauch: 120 lt\/h<br \/>\nMax. speed: 38 knots<br \/>\nCruising speed: 28 knots<br \/>\nKabinen: 1 open space cabin (2 double-beds and 1 bathroom)<br \/>\nCrew: Captain<\/p>\n<p>Preise inklusive MwSt. und Liegeplatz in Marina Botafoch:<\/p>\n<p>Preis exkl. Treibstoff.<\/p>\n","protected":false},"excerpt":{"rendered":"<p>Diese SACS Rebel 47 Open ist eine brillante Fusion aus einem RIB und einer Motoryacht. Sie kombiniert die Flexibilit\u00e4t, die Fahrbarkeit und die Meeresn\u00e4he eines Schlauchbootes und hat den Komfort,<br \/>\nGer\u00e4umigkeit und Luxus einer Yacht.<\/p>\n","protected":false},"featured_media":11007,"comment_status":"open","ping_status":"closed","template":"","meta":{"_acf_changed":false},"product_brand":[],"product_cat":[44],"product_tag":[251,269],"class_list":{"0":"post-11057","1":"product","2":"type-product","3":"status-publish","4":"has-post-thumbnail","6":"product_cat-rib","7":"product_tag-ibiza-2","8":"product_tag-rib-2","9":"yith_booking_service-seabob-3","11":"first","12":"instock","13":"virtual","14":"sold-individually","15":"purchasable","16":"product-type-booking"},"acf":[],"_links":{"self":[{"href":"https:\/\/www.ibiza-formentera-yachtcharter.com\/es\/wp-json\/wp\/v2\/product\/11057","targetHints":{"allow":["GET"]}}],"collection":[{"href":"https:\/\/www.ibiza-formentera-yachtcharter.com\/es\/wp-json\/wp\/v2\/product"}],"about":[{"href":"https:\/\/www.ibiza-formentera-yachtcharter.com\/es\/wp-json\/wp\/v2\/types\/product"}],"replies":[{"embeddable":true,"href":"https:\/\/www.ibiza-formentera-yachtcharter.com\/es\/wp-json\/wp\/v2\/comments?post=11057"}],"wp:featuredmedia":[{"embeddable":true,"href":"https:\/\/www.ibiza-formentera-yachtcharter.com\/es\/wp-json\/wp\/v2\/media\/11007"}],"wp:attachment":[{"href":"https:\/\/www.ibiza-formentera-yachtcharter.com\/es\/wp-json\/wp\/v2\/media?parent=11057"}],"wp:term":[{"taxonomy":"product_brand","embeddable":true,"href":"https:\/\/www.ibiza-formentera-yachtcharter.com\/es\/wp-json\/wp\/v2\/product_brand?post=11057"},{"taxonomy":"product_cat","embeddable":true,"href":"https:\/\/www.ibiza-formentera-yachtcharter.com\/es\/wp-json\/wp\/v2\/product_cat?post=11057"},{"taxonomy":"product_tag","embeddable":true,"href":"https:\/\/www.ibiza-formentera-yachtcharter.com\/es\/wp-json\/wp\/v2\/product_tag?post=11057"}],"curies":[{"name":"wp","href":"https:\/\/api.w.org\/{rel}","templated":true}]}}