{"id":10972,"date":"2021-05-06T08:30:37","date_gmt":"2021-05-06T06:30:37","guid":{"rendered":"https:\/\/www.ibiza-formentera-yachtcharter.com\/?post_type=product&#038;p=10972"},"modified":"2024-07-01T13:09:10","modified_gmt":"2024-07-01T11:09:10","slug":"vanquish-vq43","status":"publish","type":"product","link":"https:\/\/www.ibiza-formentera-yachtcharter.com\/es\/barcos\/vanquish-vq43\/","title":{"rendered":"Vanquish VQ43"},"content":{"rendered":"<p>Diese Sonderedition der VQ43-Linie wurde 2015 von der renommierten niederl\u00e4ndischen Werft Vanquish gebaut. Sie hat ein offenes Stilkonzept und ist daher perfekt f\u00fcr Tagescharter mit einer maximalen Kapazit\u00e4t von 11 G\u00e4sten. Die Vanquish VQ43 erm\u00f6glicht es Ihnen, Ihre abenteuerliche Seite zu erforschen. Entdecken Sie die wundersch\u00f6nen Landschaften von Ibiza und Formentera vom Wasser aus.<\/p>\n<p>Type: Vanquish<br \/>\nModel: VQ43<br \/>\nL.\u00dc.A.: 12,96 m<br \/>\nBreite: 3,71 m<br \/>\nBaujahr: 2015<br \/>\nMotoren: 2 x YANMAR 370 hp<br \/>\nTreibstoff: Diesel<br \/>\nVerbrauch: 80-120 l\/h<br \/>\nMax. speed: 40 knots<br \/>\nG\u00e4ste Tagescharter: 11<br \/>\nKabine: 1<br \/>\nCrew: Captain<\/p>\n<p>Preis inklusive MwSt. und Liegeplatz in Marina Ibiza:<\/p>\n<p>Preis exkl. Treibstoff.<\/p>\n","protected":false},"excerpt":{"rendered":"<p>Die Vanquish VQ43 hat ein offenes Stilkonzept und ist daher perfekt f\u00fcr Tagescharter mit einer maximalen Kapazit\u00e4t von 11 G\u00e4sten. Erforschen Sie Ihre abenteuerliche Seite. Entdecken Sie die wundersch\u00f6nen Landschaften von Ibiza und Formentera vom Wasser aus.<\/p>\n","protected":false},"featured_media":10973,"comment_status":"open","ping_status":"closed","template":"","meta":{"_acf_changed":false},"product_brand":[],"product_cat":[49],"product_tag":[],"class_list":{"0":"post-10972","1":"product","2":"type-product","3":"status-publish","4":"has-post-thumbnail","6":"product_cat-motoryacht","8":"first","9":"instock","10":"virtual","11":"sold-individually","12":"purchasable","13":"product-type-booking"},"acf":[],"_links":{"self":[{"href":"https:\/\/www.ibiza-formentera-yachtcharter.com\/es\/wp-json\/wp\/v2\/product\/10972","targetHints":{"allow":["GET"]}}],"collection":[{"href":"https:\/\/www.ibiza-formentera-yachtcharter.com\/es\/wp-json\/wp\/v2\/product"}],"about":[{"href":"https:\/\/www.ibiza-formentera-yachtcharter.com\/es\/wp-json\/wp\/v2\/types\/product"}],"replies":[{"embeddable":true,"href":"https:\/\/www.ibiza-formentera-yachtcharter.com\/es\/wp-json\/wp\/v2\/comments?post=10972"}],"wp:featuredmedia":[{"embeddable":true,"href":"https:\/\/www.ibiza-formentera-yachtcharter.com\/es\/wp-json\/wp\/v2\/media\/10973"}],"wp:attachment":[{"href":"https:\/\/www.ibiza-formentera-yachtcharter.com\/es\/wp-json\/wp\/v2\/media?parent=10972"}],"wp:term":[{"taxonomy":"product_brand","embeddable":true,"href":"https:\/\/www.ibiza-formentera-yachtcharter.com\/es\/wp-json\/wp\/v2\/product_brand?post=10972"},{"taxonomy":"product_cat","embeddable":true,"href":"https:\/\/www.ibiza-formentera-yachtcharter.com\/es\/wp-json\/wp\/v2\/product_cat?post=10972"},{"taxonomy":"product_tag","embeddable":true,"href":"https:\/\/www.ibiza-formentera-yachtcharter.com\/es\/wp-json\/wp\/v2\/product_tag?post=10972"}],"curies":[{"name":"wp","href":"https:\/\/api.w.org\/{rel}","templated":true}]}}