{"id":2414,"date":"2020-10-01T14:40:15","date_gmt":"2020-10-01T12:40:15","guid":{"rendered":"https:\/\/www.ibiza-formentera-yachtcharter.com\/imprenta\/"},"modified":"2021-02-18T11:32:06","modified_gmt":"2021-02-18T10:32:06","slug":"imprenta","status":"publish","type":"page","link":"https:\/\/www.ibiza-formentera-yachtcharter.com\/es\/imprenta\/","title":{"rendered":"Imprenta"},"content":{"rendered":"\t\t<div data-elementor-type=\"wp-page\" data-elementor-id=\"2414\" class=\"elementor elementor-2414 elementor-220\" data-elementor-post-type=\"page\">\n\t\t\t\t\t\t<section class=\"elementor-section elementor-top-section elementor-element elementor-element-9c283df elementor-section-boxed elementor-section-height-default elementor-section-height-default\" data-id=\"9c283df\" data-element_type=\"section\" data-e-type=\"section\">\n\t\t\t\t\t\t<div class=\"elementor-container elementor-column-gap-default\">\n\t\t\t\t\t<div class=\"elementor-column elementor-col-100 elementor-top-column elementor-element elementor-element-6713635\" data-id=\"6713635\" data-element_type=\"column\" data-e-type=\"column\">\n\t\t\t<div class=\"elementor-widget-wrap elementor-element-populated\">\n\t\t\t\t\t\t<div class=\"elementor-element elementor-element-ca2605f elementor-widget elementor-widget-text-editor\" data-id=\"ca2605f\" data-element_type=\"widget\" data-e-type=\"widget\" data-widget_type=\"text-editor.default\">\n\t\t\t\t<div class=\"elementor-widget-container\">\n\t\t\t\t\t\t\t\t\t<h2>Informaci\u00f3n seg\u00fan el \u00a7 5 TMG:<\/h2>\n<p>Ibiza Formentera Yachtcharter es una marca de:<\/p>\n<p>5th FLOOR GmbH<br \/>Werksstra\u00dfe 15<br \/>45527 Hattingen<br \/>Alemania<\/p>\n<h3>Representado por:<\/h3>\n<p>Martin Sch\u00f6newei\u00df<\/p>\n<h3>Contacto:<\/h3>\n<p>Tel\u00e9fono: +49 2324 904 15 78<br \/>Fax: +49 2324 904 15 79<br \/>E-Mail: contact@ibiza-formentera-yachtcharter.com<\/p>\n<h3>Registro de entrada:<\/h3>\n<p>Inscripci\u00f3n en el registro mercantil.<br \/>Corte de Registro: Essen<br \/>N\u00famero de registro: HRB 26249<\/p>\n<h3>Impuesto sobre las ventas:<\/h3>\n<p>N\u00famero de identificaci\u00f3n del impuesto sobre las ventas seg\u00fan el \u00a727 de la ley de impuestos sobre las ventas:<br \/>DE215481838<\/p>\n<h3>Responsable del contenido seg\u00fan \u00a7 55 Abs. 2 RStV:<\/h3>\n<p>5th FLOOR GmbH<br \/>Werksstra\u00dfe 15<br \/>45527 Hattingen<br \/>Alemania<\/p>\n<h3>Contacto \/ Reclamaciones<\/h3>\n<p>Puede ponerse en contacto con nosotros para preguntas, reclamaciones y objeciones en d\u00edas laborables de 9:00 a 17:00 horas en el n\u00famero de tel\u00e9fono +49 2324 &#8211; 904 15 78, as\u00ed como por correo electr\u00f3nico en contact@ibiza-formentera-yachtcharter.com.<\/p>\n\t\t\t\t\t\t\t\t<\/div>\n\t\t\t\t<\/div>\n\t\t\t\t\t<\/div>\n\t\t<\/div>\n\t\t\t\t\t<\/div>\n\t\t<\/section>\n\t\t\t\t<\/div>\n\t\t","protected":false},"excerpt":{"rendered":"<p>Informaci\u00f3n seg\u00fan el \u00a7 5 TMG: Ibiza Formentera Yachtcharter es una marca de: 5th FLOOR GmbH Werksstra\u00dfe 15 45527 Hattingen Alemania Representado por: Martin Sch\u00f6newei\u00df Contacto: Tel\u00e9fono: +49 2324 904 15 78 Fax: +49 2324 904 15 79 E-Mail: contact@ibiza-formentera-yachtcharter.com Registro de entrada: Inscripci\u00f3n en el registro mercantil. Corte de Registro: Essen N\u00famero de registro: [&hellip;]<\/p>\n","protected":false},"author":1,"featured_media":1533,"parent":0,"menu_order":0,"comment_status":"closed","ping_status":"closed","template":"","meta":{"_acf_changed":false,"footnotes":""},"class_list":["post-2414","page","type-page","status-publish","has-post-thumbnail","hentry"],"acf":[],"_links":{"self":[{"href":"https:\/\/www.ibiza-formentera-yachtcharter.com\/es\/wp-json\/wp\/v2\/pages\/2414","targetHints":{"allow":["GET"]}}],"collection":[{"href":"https:\/\/www.ibiza-formentera-yachtcharter.com\/es\/wp-json\/wp\/v2\/pages"}],"about":[{"href":"https:\/\/www.ibiza-formentera-yachtcharter.com\/es\/wp-json\/wp\/v2\/types\/page"}],"author":[{"embeddable":true,"href":"https:\/\/www.ibiza-formentera-yachtcharter.com\/es\/wp-json\/wp\/v2\/users\/1"}],"replies":[{"embeddable":true,"href":"https:\/\/www.ibiza-formentera-yachtcharter.com\/es\/wp-json\/wp\/v2\/comments?post=2414"}],"version-history":[{"count":8,"href":"https:\/\/www.ibiza-formentera-yachtcharter.com\/es\/wp-json\/wp\/v2\/pages\/2414\/revisions"}],"predecessor-version":[{"id":5293,"href":"https:\/\/www.ibiza-formentera-yachtcharter.com\/es\/wp-json\/wp\/v2\/pages\/2414\/revisions\/5293"}],"wp:featuredmedia":[{"embeddable":true,"href":"https:\/\/www.ibiza-formentera-yachtcharter.com\/es\/wp-json\/wp\/v2\/media\/1533"}],"wp:attachment":[{"href":"https:\/\/www.ibiza-formentera-yachtcharter.com\/es\/wp-json\/wp\/v2\/media?parent=2414"}],"curies":[{"name":"wp","href":"https:\/\/api.w.org\/{rel}","templated":true}]}}