{"id":9058,"date":"2021-03-22T16:05:14","date_gmt":"2021-03-22T15:05:14","guid":{"rendered":"https:\/\/www.ibiza-formentera-yachtcharter.com\/boote\/joker-clubman-24\/"},"modified":"2024-06-27T15:06:53","modified_gmt":"2024-06-27T13:06:53","slug":"joker-clubman-28","status":"publish","type":"product","link":"https:\/\/www.ibiza-formentera-yachtcharter.com\/en\/boats\/joker-clubman-28\/","title":{"rendered":"Joker Clubman 28"},"content":{"rendered":"<p>JOKER CLUBMAN 28 &#8211; Motor Suzuki DF 200 &#8211; Eslora 8.50m &#8211; Manga 3.15m &#8211; Plazas 12 &#8211; A\u00f1o 2020 &#8211; Puerto Marina Ibiza<\/p>\n<p><strong>Accesorios<\/strong><br \/>\nSolarium proa, solarium de popa, molinete el\u00e9ctrico de ancla, toldo parasol, GPS\/Sonda Garmin 7&#8243; con pantalla t\u00e1ctil, equipo de m\u00fasica con bluetooth, escalera de ba\u00f1o, plataformas de ba\u00f1o, ducha, mesa picnic<\/p>\n<p><strong>El precio incluye<\/strong><\/p>\n<ul>\n<li>21% de IVA (sin sorpresas en el precio final)<\/li>\n<li>Atraque en el puerto base<\/li>\n<li>Seguro a todo riesgo a partir de la garant\u00eda (excepto cuando se contrata con servicio de patr\u00f3n)<\/li>\n<li>Limpieza inicial y final (sin extras)<\/li>\n<li>Selecci\u00f3n de bebidas (agua, refrescos y cerveza) y hielo<\/li>\n<\/ul>\n<p><strong>El precio no incluye<\/strong><\/p>\n<ul>\n<li>Combustible consumido<\/li>\n<li>Precio patr\u00f3n: 220 \u20ac por d\u00eda (IVA incluido)<\/li>\n<li>Transportes a otros puertos de Ibiza<\/li>\n<\/ul>\n<p>Fianza: 4000\u20ac<br \/>\nA pagar in situ.<\/p>\n","protected":false},"excerpt":{"rendered":"<p>JOKER CLUBMAN 28 &#8211; Motor Suzuki DF 200 &#8211; Eslora 8.50m &#8211; Manga 3.15m &#8211; Plazas 12 &#8211; A\u00f1o 2020 &#8211; Puerto Marina Ibiza<\/p>\n","protected":false},"featured_media":13105,"comment_status":"open","ping_status":"closed","template":"","meta":{"_acf_changed":false},"product_brand":[],"product_cat":[107],"product_tag":[219,224,268],"class_list":{"0":"post-9058","1":"product","2":"type-product","3":"status-publish","4":"has-post-thumbnail","6":"product_cat-rib","7":"product_tag-boat-en-2","8":"product_tag-motorboat-en","9":"product_tag-rib-en","10":"yith_booking_service-skipper-4","12":"first","13":"instock","14":"virtual","15":"sold-individually","16":"purchasable","17":"product-type-booking"},"acf":[],"_links":{"self":[{"href":"https:\/\/www.ibiza-formentera-yachtcharter.com\/en\/wp-json\/wp\/v2\/product\/9058","targetHints":{"allow":["GET"]}}],"collection":[{"href":"https:\/\/www.ibiza-formentera-yachtcharter.com\/en\/wp-json\/wp\/v2\/product"}],"about":[{"href":"https:\/\/www.ibiza-formentera-yachtcharter.com\/en\/wp-json\/wp\/v2\/types\/product"}],"replies":[{"embeddable":true,"href":"https:\/\/www.ibiza-formentera-yachtcharter.com\/en\/wp-json\/wp\/v2\/comments?post=9058"}],"wp:featuredmedia":[{"embeddable":true,"href":"https:\/\/www.ibiza-formentera-yachtcharter.com\/en\/wp-json\/wp\/v2\/media\/13105"}],"wp:attachment":[{"href":"https:\/\/www.ibiza-formentera-yachtcharter.com\/en\/wp-json\/wp\/v2\/media?parent=9058"}],"wp:term":[{"taxonomy":"product_brand","embeddable":true,"href":"https:\/\/www.ibiza-formentera-yachtcharter.com\/en\/wp-json\/wp\/v2\/product_brand?post=9058"},{"taxonomy":"product_cat","embeddable":true,"href":"https:\/\/www.ibiza-formentera-yachtcharter.com\/en\/wp-json\/wp\/v2\/product_cat?post=9058"},{"taxonomy":"product_tag","embeddable":true,"href":"https:\/\/www.ibiza-formentera-yachtcharter.com\/en\/wp-json\/wp\/v2\/product_tag?post=9058"}],"curies":[{"name":"wp","href":"https:\/\/api.w.org\/{rel}","templated":true}]}}