{"id":9030,"date":"2021-03-23T12:59:14","date_gmt":"2021-03-23T11:59:14","guid":{"rendered":"https:\/\/www.ibiza-formentera-yachtcharter.com\/boote\/capelli-900-tempest\/"},"modified":"2024-06-06T08:35:17","modified_gmt":"2024-06-06T06:35:17","slug":"capelli-900-tempest","status":"publish","type":"product","link":"https:\/\/www.ibiza-formentera-yachtcharter.com\/en\/boats\/capelli-900-tempest\/","title":{"rendered":"Capelli 900 Tempest"},"content":{"rendered":"<p>Fant\u00e1stica lancha neum\u00e1tica de la gran firma italiana Capelli. Con una capacidad de hasta 11\u00a0personas y un amplio solarium en la proa, es perfecta para vuestros mejores dias en Ibiza y\u00a0Formentera. Cabina cubierta, con WC. Es muy espaciosa y bien distribuida. C\u00f3moda tanto para navegar como para darse un ba\u00f1o. Esta RIB es un modelo multiprop\u00f3sito que destaca por su robustez y calidad de sus acabados. 9 metros de largo y 3,15 metros de manga, plataforma de\u00a0ba\u00f1o con escalera, nevera y todos los accesorios necesarios para que sus vacaciones en Ibiza sean\u00a0inolvidables. Este barco navega de una manera increible, ademas se puede alquilar con o sin\u00a0capitan y tiene un consumo muy reducido para su gran potencia de motores.<\/p>\n<p style=\"margin: 0px 0px 10px;\"><strong>Inclu\u00eddo en el precio<\/strong><\/p>\n<ul style=\"margin-top: 0px; margin-bottom: 10px; color: #414141; font-family: 'Source Sans Pro', sans-serif; font-size: 18px;\">\n<li>Amarre en Marina Botafoch Ibiza<\/li>\n<li>Seguro todo riesgo<\/li>\n<li>Selecci\u00f3n de bebidas<\/li>\n<li>Impuestos de puerto<\/li>\n<li>Equipos snorkeling<\/li>\n<li>Equipo de Musica con Bluetooth<\/li>\n<li>IVA 21%<\/li>\n<\/ul>\n<p style=\"margin: 0px 0px 10px; color: #414141; font-family: 'Source Sans Pro', sans-serif; font-size: 18px;\"><strong>No inclu\u00eddo en el precio<\/strong><\/p>\n<ul style=\"margin-top: 0px; margin-bottom: 10px; color: #414141; font-family: 'Source Sans Pro', sans-serif; font-size: 18px;\">\n<li>Capit\u00e1n \u20ac220<\/li>\n<li>Combustible (80l\/h)<\/li>\n<\/ul>\n","protected":false},"excerpt":{"rendered":"<p>Fant\u00e1stica lancha neum\u00e1tica de la gran firma italiana Capelli. Con una capacidad de hasta 11\u00a0personas y un amplio solarium en la proa, es perfecta para vuestros mejores dias en Ibiza y\u00a0Formentera. Cabina cubierta, con WC. Es muy espaciosa y bien distribuida. C\u00f3moda tanto para\u00a0navegar como para darse un ba\u00f1o. Esta RIB es un modelo multiprop\u00f3sito que destaca por su\u00a0robustez y calidad de sus acabados. 9 metros de largo y 3,15 metros de manga, plataforma de\u00a0ba\u00f1o con escalera, nevera y todos los accesorios necesarios para que sus vacaciones en Ibiza sean\u00a0inolvidables. Este barco navega de una manera increible, ademas se puede alquilar con o sin\u00a0capitan y tiene un consumo muy reducido para su gran potencia de motores.<\/p>\n","protected":false},"featured_media":12535,"comment_status":"open","ping_status":"closed","template":"","meta":{"_acf_changed":false},"product_brand":[],"product_cat":[107],"product_tag":[252,268],"class_list":{"0":"post-9030","1":"product","2":"type-product","3":"status-publish","4":"has-post-thumbnail","6":"product_cat-rib","7":"product_tag-ibiza-en","8":"product_tag-rib-en","9":"yith_booking_service-mit-kapitaen","11":"first","12":"instock","13":"virtual","14":"sold-individually","15":"purchasable","16":"product-type-booking"},"acf":[],"_links":{"self":[{"href":"https:\/\/www.ibiza-formentera-yachtcharter.com\/en\/wp-json\/wp\/v2\/product\/9030","targetHints":{"allow":["GET"]}}],"collection":[{"href":"https:\/\/www.ibiza-formentera-yachtcharter.com\/en\/wp-json\/wp\/v2\/product"}],"about":[{"href":"https:\/\/www.ibiza-formentera-yachtcharter.com\/en\/wp-json\/wp\/v2\/types\/product"}],"replies":[{"embeddable":true,"href":"https:\/\/www.ibiza-formentera-yachtcharter.com\/en\/wp-json\/wp\/v2\/comments?post=9030"}],"wp:featuredmedia":[{"embeddable":true,"href":"https:\/\/www.ibiza-formentera-yachtcharter.com\/en\/wp-json\/wp\/v2\/media\/12535"}],"wp:attachment":[{"href":"https:\/\/www.ibiza-formentera-yachtcharter.com\/en\/wp-json\/wp\/v2\/media?parent=9030"}],"wp:term":[{"taxonomy":"product_brand","embeddable":true,"href":"https:\/\/www.ibiza-formentera-yachtcharter.com\/en\/wp-json\/wp\/v2\/product_brand?post=9030"},{"taxonomy":"product_cat","embeddable":true,"href":"https:\/\/www.ibiza-formentera-yachtcharter.com\/en\/wp-json\/wp\/v2\/product_cat?post=9030"},{"taxonomy":"product_tag","embeddable":true,"href":"https:\/\/www.ibiza-formentera-yachtcharter.com\/en\/wp-json\/wp\/v2\/product_tag?post=9030"}],"curies":[{"name":"wp","href":"https:\/\/api.w.org\/{rel}","templated":true}]}}