{"id":9012,"date":"2021-03-24T19:48:26","date_gmt":"2021-03-24T18:48:26","guid":{"rendered":"https:\/\/www.ibiza-formentera-yachtcharter.com\/boote\/beneteau-flyer-650-sd\/"},"modified":"2022-01-27T15:13:36","modified_gmt":"2022-01-27T14:13:36","slug":"beneteau-flyer-650-sd","status":"publish","type":"product","link":"https:\/\/www.ibiza-formentera-yachtcharter.com\/en\/boats\/beneteau-flyer-650-sd\/","title":{"rendered":"Beneteau Flyer 650 SD"},"content":{"rendered":"<p>Esta embarcaci\u00f3n es ideal para disfrutar al m\u00e1ximo del sol y del mar en familia o amigos, con una capacidad m\u00e1xima de 8 personas, dispone de un gran sol\u00e1rium en proa y un peque\u00f1o camarote para\u00a0pernoctar dos personas.<\/p>\n<p><strong>Equipamiento:<\/strong><\/p>\n<ul>\n<li>VHF<\/li>\n<li>Toldo sol<\/li>\n<li>Ducha en popa<\/li>\n<li>Equipo de m\u00fasica<\/li>\n<li>Mesa Picnic<\/li>\n<li>Nevera con bebidas y hielo<\/li>\n<li>Escalera de ba\u00f1o<\/li>\n<li>GPS &#8211; Plotter<\/li>\n<li>Sonda<\/li>\n<\/ul>\n<p><strong>Si desea alquilar la\u00a0embarcaci\u00f3n sin patr\u00f3n, se\u00a0requiere:<\/strong><\/p>\n<ul>\n<li>Depositar una fianza de 1000\u20ac en efectivo o tarjeta<\/li>\n<li>Tener una titulaci\u00f3n m\u00ednima del PNB<\/li>\n<li>Horario: 10:00 a 20:00<\/li>\n<\/ul>\n<p><strong>Extras:<\/strong><\/p>\n<ul>\n<li>Skis, wakeboard, neumatica 1&#8217;80, donut, 36,3\u20ac d\u00eda<\/li>\n<li>Patr\u00f3n: 181,5 \u20ac<\/li>\n<li>Pernocta 2 pax: S\u00e1banas, almohadas, 36,3\u20ac noche<\/li>\n<\/ul>\n<p><strong>Forma de pago:<\/strong><\/p>\n<ul>\n<li>50% en el momento de realizar la reserva<\/li>\n<li>50% antes de embarcar<\/li>\n<li>IVA incluido en el precio<\/li>\n<li>combustible 18 l\/h no incluidos en el precio<\/li>\n<\/ul>\n","protected":false},"excerpt":{"rendered":"<p>Esta embarcaci\u00f3n es ideal para disfrutar al m\u00e1ximo del sol y del mar en familia o amigos, con una\u00a0capacidad m\u00e1xima de 8 personas, dispone de un gran sol\u00e1rium en proa y un peque\u00f1o camarote para\u00a0pernoctar dos personas.<\/p>\n","protected":false},"featured_media":7690,"comment_status":"open","ping_status":"closed","template":"","meta":{"_acf_changed":false},"product_brand":[],"product_cat":[112],"product_tag":[219,252],"class_list":{"0":"post-9012","1":"product","2":"type-product","3":"status-publish","4":"has-post-thumbnail","6":"product_cat-motorboat","7":"product_tag-boat-en-2","8":"product_tag-ibiza-en","9":"yith_booking_service-neumatica-180","10":"yith_booking_service-donut","11":"yith_booking_service-pernocta-2-pax","12":"yith_booking_service-patron-1815","13":"yith_booking_service-wakeboard","14":"yith_booking_service-wasserski","16":"first","17":"instock","18":"virtual","19":"sold-individually","20":"purchasable","21":"product-type-booking"},"acf":[],"_links":{"self":[{"href":"https:\/\/www.ibiza-formentera-yachtcharter.com\/en\/wp-json\/wp\/v2\/product\/9012","targetHints":{"allow":["GET"]}}],"collection":[{"href":"https:\/\/www.ibiza-formentera-yachtcharter.com\/en\/wp-json\/wp\/v2\/product"}],"about":[{"href":"https:\/\/www.ibiza-formentera-yachtcharter.com\/en\/wp-json\/wp\/v2\/types\/product"}],"replies":[{"embeddable":true,"href":"https:\/\/www.ibiza-formentera-yachtcharter.com\/en\/wp-json\/wp\/v2\/comments?post=9012"}],"wp:featuredmedia":[{"embeddable":true,"href":"https:\/\/www.ibiza-formentera-yachtcharter.com\/en\/wp-json\/wp\/v2\/media\/7690"}],"wp:attachment":[{"href":"https:\/\/www.ibiza-formentera-yachtcharter.com\/en\/wp-json\/wp\/v2\/media?parent=9012"}],"wp:term":[{"taxonomy":"product_brand","embeddable":true,"href":"https:\/\/www.ibiza-formentera-yachtcharter.com\/en\/wp-json\/wp\/v2\/product_brand?post=9012"},{"taxonomy":"product_cat","embeddable":true,"href":"https:\/\/www.ibiza-formentera-yachtcharter.com\/en\/wp-json\/wp\/v2\/product_cat?post=9012"},{"taxonomy":"product_tag","embeddable":true,"href":"https:\/\/www.ibiza-formentera-yachtcharter.com\/en\/wp-json\/wp\/v2\/product_tag?post=9012"}],"curies":[{"name":"wp","href":"https:\/\/api.w.org\/{rel}","templated":true}]}}