{"id":9008,"date":"2021-03-24T20:25:27","date_gmt":"2021-03-24T19:25:27","guid":{"rendered":"https:\/\/www.ibiza-formentera-yachtcharter.com\/boote\/jeanneau-cap-camarat-5-5-wa-kopie\/"},"modified":"2025-05-04T13:28:41","modified_gmt":"2025-05-04T11:28:41","slug":"jeanneau-cap-camarat-5-5-wa-renegada","status":"publish","type":"product","link":"https:\/\/www.ibiza-formentera-yachtcharter.com\/en\/boats\/jeanneau-cap-camarat-5-5-wa-renegada\/","title":{"rendered":"Jeanneau Cap Camarat 5.5 WA RENEGADA"},"content":{"rendered":"<p>Esta embarcaci\u00f3n es ideal para disfrutar al m\u00e1ximo del sol y del mar en familia o amigos, con una capacidad m\u00e1xima de 6 personas, dispone de un gran sol\u00e1rium en proa y un peque\u00f1o camarote para pernoctar dos personas.<\/p>\n<p><strong>Equipamiento:<\/strong><\/p>\n<ul>\n<li>VHF<\/li>\n<li>GPS<\/li>\n<li>Sonda<\/li>\n<li>Plotter<\/li>\n<li>Toldo sol<\/li>\n<li>Sol\u00e1rium proa<\/li>\n<li>Escalera de ba\u00f1o<\/li>\n<li>Equipo de m\u00fasica<\/li>\n<li>Camarote 2 personas<\/li>\n<li>Nevera con hielo y bebidas<\/li>\n<\/ul>\n<div class=\"page\" title=\"Page 2\">\n<div class=\"layoutArea\">\n<div class=\"column\">\n<p>WITHOUT SKIPPER<br \/>\ndeposit of \u20ac1200, have the boat license, rental schedule 10 am to 7:30 pm<\/p>\n<p>WITH SKIPPER the charter will be 8 hours starting at 11:00 with a maximum capacity of 5 people + skipper, it will not be possible to do (ski, wakeboard or donut)<\/p>\n<p>Fuel not included<br \/>\nApproximate consumption Formentera route \u20ac90 EXTRAS:<\/p>\n<p>Skipper: 165\u20ac + 21% VAT \u20ac200\u20ac per day<br \/>\nPaddle surf: 60\u20ac per day<br \/>\nSkis, wakeboard, donut (Only without skipper) 50\u20ac per day Dinghy 1&#8217;80m without motor: 50\u20ac per day<br \/>\nSeascooter 100\u20ac per day<\/p>\n<p>METHOD OF PAYMENT: 50% when making the booking &#8211; 50% before boarding the vessel 21% VAT included<\/p>\n<\/div>\n<\/div>\n<\/div>\n","protected":false},"excerpt":{"rendered":"<p>Esta embarcaci\u00f3n es ideal para disfrutar al m\u00e1ximo del sol y del mar en familia o amigos, con una capacidad m\u00e1xima de 6 personas, dispone de un gran sol\u00e1rium en proa y un peque\u00f1o camarote para pernoctar dos personas.<\/p>\n","protected":false},"featured_media":7749,"comment_status":"open","ping_status":"closed","template":"","meta":{"_acf_changed":false},"product_brand":[],"product_cat":[112],"product_tag":[252,224],"class_list":{"0":"post-9008","1":"product","2":"type-product","3":"status-publish","4":"has-post-thumbnail","6":"product_cat-motorboat","7":"product_tag-ibiza-en","8":"product_tag-motorboat-en","9":"yith_booking_service-neumatica-180","10":"yith_booking_service-donut","11":"yith_booking_service-patron-2","12":"yith_booking_service-sup-board","13":"yith_booking_service-wakeboard","14":"yith_booking_service-wasserski","16":"first","17":"instock","18":"virtual","19":"sold-individually","20":"purchasable","21":"product-type-booking"},"acf":[],"_links":{"self":[{"href":"https:\/\/www.ibiza-formentera-yachtcharter.com\/en\/wp-json\/wp\/v2\/product\/9008","targetHints":{"allow":["GET"]}}],"collection":[{"href":"https:\/\/www.ibiza-formentera-yachtcharter.com\/en\/wp-json\/wp\/v2\/product"}],"about":[{"href":"https:\/\/www.ibiza-formentera-yachtcharter.com\/en\/wp-json\/wp\/v2\/types\/product"}],"replies":[{"embeddable":true,"href":"https:\/\/www.ibiza-formentera-yachtcharter.com\/en\/wp-json\/wp\/v2\/comments?post=9008"}],"wp:featuredmedia":[{"embeddable":true,"href":"https:\/\/www.ibiza-formentera-yachtcharter.com\/en\/wp-json\/wp\/v2\/media\/7749"}],"wp:attachment":[{"href":"https:\/\/www.ibiza-formentera-yachtcharter.com\/en\/wp-json\/wp\/v2\/media?parent=9008"}],"wp:term":[{"taxonomy":"product_brand","embeddable":true,"href":"https:\/\/www.ibiza-formentera-yachtcharter.com\/en\/wp-json\/wp\/v2\/product_brand?post=9008"},{"taxonomy":"product_cat","embeddable":true,"href":"https:\/\/www.ibiza-formentera-yachtcharter.com\/en\/wp-json\/wp\/v2\/product_cat?post=9008"},{"taxonomy":"product_tag","embeddable":true,"href":"https:\/\/www.ibiza-formentera-yachtcharter.com\/en\/wp-json\/wp\/v2\/product_tag?post=9008"}],"curies":[{"name":"wp","href":"https:\/\/api.w.org\/{rel}","templated":true}]}}