{"id":6761,"date":"2021-03-16T08:12:56","date_gmt":"2021-03-16T07:12:56","guid":{"rendered":"https:\/\/www.ibiza-formentera-yachtcharter.com\/boote\/valiant-vanguard-620\/"},"modified":"2022-05-04T14:06:46","modified_gmt":"2022-05-04T12:06:46","slug":"valiant-vanguard-620","status":"publish","type":"product","link":"https:\/\/www.ibiza-formentera-yachtcharter.com\/en\/boats\/valiant-vanguard-620\/","title":{"rendered":"Valiant Vanguard 620"},"content":{"rendered":"<p>Alquilar esta lancha a motor es perfecto para visitar Ibiza y Formentera. Nuestra motora Valiant Vanguard 620 Cruiser tiene una amplia ba\u00f1era, que se hace solarium. La tripulaci\u00f3n de d\u00eda son 12 m\u00e1ximo, incluyendo el patr\u00f3n. Tiene un toldo amplio para protegernos del sol.<\/p>\n<p>Esta semirr\u00edgida es perfecta para pasar un dia en Espalmador, o para subir a pasar la tarde en el Blue Marlin de Cala Jondal. Tiene un dep\u00f3sito de agua dulce, para ducharnos y un equipo de m\u00fasica para poner marcha a nuestra excursi\u00f3n.<\/p>\n<p>Reserva Online en el formulario de la derecha, o env\u00edanos tus dudas y te contestaremos lo antes posible.<\/p>\n<ul>\n<li>Toldo amplio nuevo 2019<\/li>\n<li>Colchonetas en solarium proa<\/li>\n<li>Ducha en popa<\/li>\n<li>Nevera de hielo<\/li>\n<li>Flotadores nuevos 2018<\/li>\n<\/ul>\n<p><strong>Extras opcionales<\/strong><br \/>\nPatr\u00f3n (180\u20ac\/d\u00eda)<br \/>\nPatr\u00f3n profesional para alquiler de dia completo (8h) o semana completa (manutenci\u00f3n no incluida)<\/p>\n<p><strong>Fianza<br \/>\n<\/strong>Fianza a pagar in situ<br \/>\nFianza: 500\u20ac<\/p>\n","protected":false},"excerpt":{"rendered":"<p>Alquilar esta lancha a motor es perfecto para visitar Ibiza y Formentera. Nuestra motora Valiant Vanguard 620 Cruiser tiene una amplia ba\u00f1era, que se hace solarium. La tripulaci\u00f3n de d\u00eda son 12 m\u00e1ximo, incluyendo el patr\u00f3n. Tiene un toldo amplio para protegernos del sol.<\/p>\n","protected":false},"featured_media":6602,"comment_status":"open","ping_status":"closed","template":"","meta":{"_acf_changed":false},"product_brand":[],"product_cat":[107],"product_tag":[233,224,268],"class_list":{"0":"post-6761","1":"product","2":"type-product","3":"status-publish","4":"has-post-thumbnail","6":"product_cat-rib","7":"product_tag-formentera-en-2","8":"product_tag-motorboat-en","9":"product_tag-rib-en","10":"yith_booking_service-patron-professional-180e-dia","12":"first","13":"instock","14":"virtual","15":"sold-individually","16":"purchasable","17":"product-type-booking"},"acf":[],"_links":{"self":[{"href":"https:\/\/www.ibiza-formentera-yachtcharter.com\/en\/wp-json\/wp\/v2\/product\/6761","targetHints":{"allow":["GET"]}}],"collection":[{"href":"https:\/\/www.ibiza-formentera-yachtcharter.com\/en\/wp-json\/wp\/v2\/product"}],"about":[{"href":"https:\/\/www.ibiza-formentera-yachtcharter.com\/en\/wp-json\/wp\/v2\/types\/product"}],"replies":[{"embeddable":true,"href":"https:\/\/www.ibiza-formentera-yachtcharter.com\/en\/wp-json\/wp\/v2\/comments?post=6761"}],"wp:featuredmedia":[{"embeddable":true,"href":"https:\/\/www.ibiza-formentera-yachtcharter.com\/en\/wp-json\/wp\/v2\/media\/6602"}],"wp:attachment":[{"href":"https:\/\/www.ibiza-formentera-yachtcharter.com\/en\/wp-json\/wp\/v2\/media?parent=6761"}],"wp:term":[{"taxonomy":"product_brand","embeddable":true,"href":"https:\/\/www.ibiza-formentera-yachtcharter.com\/en\/wp-json\/wp\/v2\/product_brand?post=6761"},{"taxonomy":"product_cat","embeddable":true,"href":"https:\/\/www.ibiza-formentera-yachtcharter.com\/en\/wp-json\/wp\/v2\/product_cat?post=6761"},{"taxonomy":"product_tag","embeddable":true,"href":"https:\/\/www.ibiza-formentera-yachtcharter.com\/en\/wp-json\/wp\/v2\/product_tag?post=6761"}],"curies":[{"name":"wp","href":"https:\/\/api.w.org\/{rel}","templated":true}]}}