{"id":6355,"date":"2021-02-19T16:35:50","date_gmt":"2021-02-19T15:35:50","guid":{"rendered":"https:\/\/www.ibiza-formentera-yachtcharter.com\/boote\/lagoon-lagoon-400-2010\/"},"modified":"2023-03-31T17:44:58","modified_gmt":"2023-03-31T15:44:58","slug":"lagoon-lagoon-400-2010","status":"publish","type":"product","link":"https:\/\/www.ibiza-formentera-yachtcharter.com\/en\/boats\/lagoon-lagoon-400-2010\/","title":{"rendered":"Lagoon \u2014 Lagoon 400 (2010)"},"content":{"rendered":"<p>Un viaje \u00fanico, por los rincones m\u00e1s maravillosos de Ibiza y Formentera.<\/p>\n<p>Unas vacaciones de ensue\u00f1o con tu familia, tus hijos o los amigos m\u00e1s \u00edntimos. B\u00e1\u00f1ate en las aguas del Mediterr\u00e1neo, haz snorkel, encuentra cuevas maravillosas con tu tabla de paddle surf&#8230; Una aventura inolvidable al aire libre, lejos de virus y bacterias, en pleno contacto con la naturaleza.<\/p>\n<p>Con una capacidad para 8 personas + patr\u00f3n, dispone de 4 camarotes dobles, 2 ba\u00f1os con ducha, cocina, sal\u00f3n con vista panor\u00e1mica 360\u00ba, ba\u00f1era exterior y solarium de proa.<\/p>\n<p>Medidas de Higiene y desinfecci\u00f3n: Seguimos el protocolo del sector n\u00e1utico de protecci\u00f3n y prevenci\u00f3n dentro del marco de los protocolos sanitarios del Instituto para la Calidad Tur\u00edstica Espa\u00f1ola (ICTE).<\/p>\n<p>Recorreremos las mejores calas: Ses Illetes (Formentera), Platges de Comte, Ses Salines, Cala Jondal, Sa Caleta, Es Vedr\u00e1, Cala d\u00b4Hort, Cala Bassa, Cala Escondida\u2026 Disfrutaremos de la tranquilidad que nos ofrece la navegaci\u00f3n a vela, practicaremos snorkel sobre aguas cristalinas, conoceremos los mejores restaurantes y beach clubs \u2013Beso Beach, El Pirata, Juan y Andrea, El Tibur\u00f3n (Formentera), Sunset Ashram, Blue Marlin, Yemanja, Es Torrent, Es Boldad\u00f3 en la isla de Ibiza\u2026<\/p>\n","protected":false},"excerpt":{"rendered":"<p>Un viaje \u00fanico, por los rincones m\u00e1s maravillosos de Ibiza y Formentera.<\/p>\n<p>Unas vacaciones de ensue\u00f1o con tu familia, tus hijos o los amigos m\u00e1s \u00edntimos. B\u00e1\u00f1ate en las aguas del Mediterr\u00e1neo, haz snorkel, encuentra cuevas maravillosas con tu tabla de paddle surf&#8230; Una aventura inolvidable al aire libre, lejos de virus y bacterias, en pleno contacto con la naturaleza.<\/p>\n","protected":false},"featured_media":5645,"comment_status":"open","ping_status":"closed","template":"","meta":{"_acf_changed":false},"product_brand":[],"product_cat":[111],"product_tag":[],"class_list":{"0":"post-6355","1":"product","2":"type-product","3":"status-publish","4":"has-post-thumbnail","6":"product_cat-catamaran","7":"yith_booking_service-sup-board","9":"first","10":"instock","11":"virtual","12":"sold-individually","13":"purchasable","14":"product-type-booking"},"acf":[],"_links":{"self":[{"href":"https:\/\/www.ibiza-formentera-yachtcharter.com\/en\/wp-json\/wp\/v2\/product\/6355","targetHints":{"allow":["GET"]}}],"collection":[{"href":"https:\/\/www.ibiza-formentera-yachtcharter.com\/en\/wp-json\/wp\/v2\/product"}],"about":[{"href":"https:\/\/www.ibiza-formentera-yachtcharter.com\/en\/wp-json\/wp\/v2\/types\/product"}],"replies":[{"embeddable":true,"href":"https:\/\/www.ibiza-formentera-yachtcharter.com\/en\/wp-json\/wp\/v2\/comments?post=6355"}],"wp:featuredmedia":[{"embeddable":true,"href":"https:\/\/www.ibiza-formentera-yachtcharter.com\/en\/wp-json\/wp\/v2\/media\/5645"}],"wp:attachment":[{"href":"https:\/\/www.ibiza-formentera-yachtcharter.com\/en\/wp-json\/wp\/v2\/media?parent=6355"}],"wp:term":[{"taxonomy":"product_brand","embeddable":true,"href":"https:\/\/www.ibiza-formentera-yachtcharter.com\/en\/wp-json\/wp\/v2\/product_brand?post=6355"},{"taxonomy":"product_cat","embeddable":true,"href":"https:\/\/www.ibiza-formentera-yachtcharter.com\/en\/wp-json\/wp\/v2\/product_cat?post=6355"},{"taxonomy":"product_tag","embeddable":true,"href":"https:\/\/www.ibiza-formentera-yachtcharter.com\/en\/wp-json\/wp\/v2\/product_tag?post=6355"}],"curies":[{"name":"wp","href":"https:\/\/api.w.org\/{rel}","templated":true}]}}