{"id":16257,"date":"2024-06-27T16:20:17","date_gmt":"2024-06-27T14:20:17","guid":{"rendered":"https:\/\/www.ibiza-formentera-yachtcharter.com\/?post_type=product&#038;p=16257"},"modified":"2025-05-09T16:35:22","modified_gmt":"2025-05-09T14:35:22","slug":"jeanneau-cap-camarat-7-5-wa","status":"publish","type":"product","link":"https:\/\/www.ibiza-formentera-yachtcharter.com\/en\/boats\/jeanneau-cap-camarat-7-5-wa\/","title":{"rendered":"Jeanneau Cap Camarat 7.5 WA"},"content":{"rendered":"<p>Esta embarcaci\u00f3n es ideal para disfrutar al m\u00e1ximo del sol y del mar en familia o amigos, con una capacidad m\u00e1xima de 6 personas, dispone de un gran sol\u00e1rium en proa y un peque\u00f1o camarote para pernoctar dos personas.<\/p>\n<p><strong>Equipamiento:<\/strong><\/p>\n<div class=\"page\" title=\"Page 1\">\n<div class=\"layoutArea\">\n<div class=\"column\">\n<ul>\n<li>VHF<\/li>\n<li>Table<\/li>\n<li>Swimming ladder<\/li>\n<li>Electric winch<\/li>\n<li>GPS-Plotter-Probe<\/li>\n<li>Sun awning<\/li>\n<li>Icebox with drinks<\/li>\n<li>Stereo with bluetooth<\/li>\n<li>Solarium bow<\/li>\n<li>fresh water shower<\/li>\n<\/ul>\n<p>WITHOUT SKIPPER<\/p>\n<\/div>\n<\/div>\n<\/div>\n<div class=\"page\" title=\"Page 2\">\n<div class=\"layoutArea\">\n<div class=\"column\">\n<p>deposit of \u20ac2000, have the boat license, rental schedule 10 am to 7:30 pm<\/p>\n<p>WITH SKIPPER<br \/>\nthe charter will be 8 hours starting at 11:00 a.m. with a maximum capacity of 8 people + skipper, it will not be possible to do (ski, wakeboard or donut)<\/p>\n<p>Fuel not included<\/p>\n<p>Approximate consumption Formentera route \u20ac180<\/p>\n<p>EXTRAS:<\/p>\n<p>Skipper: \u20ac165 + 21% VAT 200\u20ac per day \u00a0 \u00a0 \u00a0 \u00a0 \u00a0 \u00a0 \u00a0 \u00a0 \u00a0 \u00a0 \u00a0 \u00a0 \u00a0 \u00a0 \u00a0 Overnight: \u20ac60 per night \u00a0 \u00a0 \u00a0 \u00a0 \u00a0 \u00a0 \u00a0 \u00a0 \u00a0 \u00a0 \u00a0 \u00a0 \u00a0 \u00a0 \u00a0 \u00a0 \u00a0 \u00a0 \u00a0 \u00a0 \u00a0 \u00a0 \u00a0 \u00a0 \u00a0 \u00a0 \u00a0 \u00a0 Paddle surf: 60\u20ac per day<br \/>\nSeascooter 100\u20ac per day<\/p>\n<p>METHOD OF PAYMENT: 50% when making the booking &#8211; 50% before boarding the vessel<br \/>\n21% VAT included<\/p>\n<\/div>\n<\/div>\n<\/div>\n","protected":false},"excerpt":{"rendered":"<p>Esta embarcaci\u00f3n es ideal para disfrutar al m\u00e1ximo del sol y del mar en familia o amigos, con una capacidad m\u00e1xima de 6 personas, dispone de un gran sol\u00e1rium en proa y un peque\u00f1o camarote para pernoctar dos personas.<\/p>\n","protected":false},"featured_media":16273,"comment_status":"open","ping_status":"closed","template":"","meta":{"_acf_changed":false},"product_brand":[],"product_cat":[112],"product_tag":[252,224],"class_list":{"0":"post-16257","1":"product","2":"type-product","3":"status-publish","4":"has-post-thumbnail","6":"product_cat-motorboat","7":"product_tag-ibiza-en","8":"product_tag-motorboat-en","9":"yith_booking_service-neumatica-180","10":"yith_booking_service-donut","11":"yith_booking_service-patron-2","12":"yith_booking_service-sup-board","13":"yith_booking_service-wakeboard","14":"yith_booking_service-wasserski","16":"first","17":"instock","18":"virtual","19":"sold-individually","20":"purchasable","21":"product-type-booking"},"acf":[],"_links":{"self":[{"href":"https:\/\/www.ibiza-formentera-yachtcharter.com\/en\/wp-json\/wp\/v2\/product\/16257","targetHints":{"allow":["GET"]}}],"collection":[{"href":"https:\/\/www.ibiza-formentera-yachtcharter.com\/en\/wp-json\/wp\/v2\/product"}],"about":[{"href":"https:\/\/www.ibiza-formentera-yachtcharter.com\/en\/wp-json\/wp\/v2\/types\/product"}],"replies":[{"embeddable":true,"href":"https:\/\/www.ibiza-formentera-yachtcharter.com\/en\/wp-json\/wp\/v2\/comments?post=16257"}],"wp:featuredmedia":[{"embeddable":true,"href":"https:\/\/www.ibiza-formentera-yachtcharter.com\/en\/wp-json\/wp\/v2\/media\/16273"}],"wp:attachment":[{"href":"https:\/\/www.ibiza-formentera-yachtcharter.com\/en\/wp-json\/wp\/v2\/media?parent=16257"}],"wp:term":[{"taxonomy":"product_brand","embeddable":true,"href":"https:\/\/www.ibiza-formentera-yachtcharter.com\/en\/wp-json\/wp\/v2\/product_brand?post=16257"},{"taxonomy":"product_cat","embeddable":true,"href":"https:\/\/www.ibiza-formentera-yachtcharter.com\/en\/wp-json\/wp\/v2\/product_cat?post=16257"},{"taxonomy":"product_tag","embeddable":true,"href":"https:\/\/www.ibiza-formentera-yachtcharter.com\/en\/wp-json\/wp\/v2\/product_tag?post=16257"}],"curies":[{"name":"wp","href":"https:\/\/api.w.org\/{rel}","templated":true}]}}