{"id":11833,"date":"2021-04-26T16:07:58","date_gmt":"2021-04-26T14:07:58","guid":{"rendered":"https:\/\/www.ibiza-formentera-yachtcharter.com\/?post_type=product&#038;p=11833"},"modified":"2022-01-27T14:59:09","modified_gmt":"2022-01-27T13:59:09","slug":"v2","status":"publish","type":"product","link":"https:\/\/www.ibiza-formentera-yachtcharter.com\/en\/boats\/v2\/","title":{"rendered":"V2"},"content":{"rendered":"<p>Characteristics\/Caracter\u00edsticas:<\/p>\n<ul>\n<li>Year\/a\u00f1o: 2016<\/li>\n<li>Length\/eslora: 5.0<\/li>\n<li>Beam\/manga: 2.18m<\/li>\n<li>Engine\/motor: 15, 40 CV, Yamaha<\/li>\n<li>Fuel\/combustible: 8L\/h<\/li>\n<li>Passengers\/Pasajeros: 6<\/li>\n<\/ul>\n<p>Rates\/Tarifas:<br \/>\nFull day\/d\u00eda completo:<br \/>\nSince 11am to sunset\/a partir de las 11 hasta el atardecer<br \/>\nPrecio: 300\u20ac<\/p>\n<p>Gasolina no inclu\u00edda. Aproximadamente estos barcos tienen un consumo que oscila entre 20\u20ac y 45\u20ac<\/p>\n<ul>\n<li>Fianza: 400\u20ac (a pagar in situ).<\/li>\n<li>IVA incluido<\/li>\n<\/ul>\n<p>La zona de navegaci\u00f3n es la costa de San Antonio y San Jos\u00e9. (Cala Salada, Saladeta, Punta Galera, Cal\u00f3 des Moro, Port des Torrent, Cala Bassa, Cala Conta, Sa Forada, Conejera).<\/p>\n","protected":false},"excerpt":{"rendered":"<p>Characteristics\/Caracter\u00edsticas: Year\/a\u00f1o: 2016 Length\/eslora: 5.0 Beam\/manga: 2.18m Engine\/motor: 15, 40 CV, Yamaha Fuel\/combustible: 8L\/h Passengers\/Pasajeros: 6 Rates\/Tarifas: Full day\/d\u00eda completo: Since 11am to sunset\/a partir de las 11 hasta el atardecer Precio: 300\u20ac Gasolina no inclu\u00edda. Aproximadamente estos barcos tienen un consumo que oscila entre 20\u20ac y 45\u20ac Fianza: 400\u20ac (a pagar in situ). IVA [&hellip;]<\/p>\n","protected":false},"featured_media":11819,"comment_status":"open","ping_status":"closed","template":"","meta":{"_acf_changed":false},"product_brand":[],"product_cat":[112],"product_tag":[],"class_list":{"0":"post-11833","1":"product","2":"type-product","3":"status-publish","4":"has-post-thumbnail","6":"product_cat-motorboat","8":"first","9":"instock","10":"virtual","11":"sold-individually","12":"purchasable","13":"product-type-booking"},"acf":[],"_links":{"self":[{"href":"https:\/\/www.ibiza-formentera-yachtcharter.com\/en\/wp-json\/wp\/v2\/product\/11833","targetHints":{"allow":["GET"]}}],"collection":[{"href":"https:\/\/www.ibiza-formentera-yachtcharter.com\/en\/wp-json\/wp\/v2\/product"}],"about":[{"href":"https:\/\/www.ibiza-formentera-yachtcharter.com\/en\/wp-json\/wp\/v2\/types\/product"}],"replies":[{"embeddable":true,"href":"https:\/\/www.ibiza-formentera-yachtcharter.com\/en\/wp-json\/wp\/v2\/comments?post=11833"}],"wp:featuredmedia":[{"embeddable":true,"href":"https:\/\/www.ibiza-formentera-yachtcharter.com\/en\/wp-json\/wp\/v2\/media\/11819"}],"wp:attachment":[{"href":"https:\/\/www.ibiza-formentera-yachtcharter.com\/en\/wp-json\/wp\/v2\/media?parent=11833"}],"wp:term":[{"taxonomy":"product_brand","embeddable":true,"href":"https:\/\/www.ibiza-formentera-yachtcharter.com\/en\/wp-json\/wp\/v2\/product_brand?post=11833"},{"taxonomy":"product_cat","embeddable":true,"href":"https:\/\/www.ibiza-formentera-yachtcharter.com\/en\/wp-json\/wp\/v2\/product_cat?post=11833"},{"taxonomy":"product_tag","embeddable":true,"href":"https:\/\/www.ibiza-formentera-yachtcharter.com\/en\/wp-json\/wp\/v2\/product_tag?post=11833"}],"curies":[{"name":"wp","href":"https:\/\/api.w.org\/{rel}","templated":true}]}}